{"id":95,"date":"2022-01-27T10:58:29","date_gmt":"2022-01-27T10:58:29","guid":{"rendered":"http:\/\/cognito.mprinsdesign.nl\/?page_id=95"},"modified":"2024-02-01T12:23:29","modified_gmt":"2024-02-01T12:23:29","slug":"komplex","status":"publish","type":"page","link":"https:\/\/villas-higueron.com\/cs\/komplex\/","title":{"rendered":"Villa Higueron"},"content":{"rendered":"<section class=\"wpb-content-wrapper\"><div  class=\"content_row row page-content vc_row wpb_row  default-style fullwidth\" >\n\t\n\t<div class=\"content_row_wrapper  default\" >\n\t<div id=\"asdasd\" class=\"vc_col-sm-12 wpb_column vc_column_container\" >\n\t<div class=\"vc_column-inner\">\n\t\t<div class=\"wpb_wrapper\" >\n\t\t\t<div class=\"rt_heading_wrapper no-style\">\n\t\t\t\t\t\t<h1 class=\"rt_heading  no-style\"  style=\"font-size:24px;margin-top:24px;margin-bottom:0px;\">Villas Higueron \u2013 <span class=\"after_h1\">Fuengirola<\/span><\/h1> \n\t\t\t\t\t<\/div><div class=\"vc_empty_space\"   style=\"height: 32px\"><span class=\"vc_empty_space_inner\"><\/span><\/div><div class=\"vc_separator wpb_content_element vc_separator_align_center vc_sep_width_100 vc_sep_style-4 vc_sep_pos_align_center vc_separator_no_text vc_sep_color_grey\" ><span class=\"vc_sep_holder vc_sep_holder_l\"><span class=\"vc_sep_line\"><\/span><\/span><span class=\"vc_sep_holder vc_sep_holder_r\"><span class=\"vc_sep_line\"><\/span><\/span>\n<\/div><div class=\"vc_empty_space\"   style=\"height: 32px\"><span class=\"vc_empty_space_inner\"><\/span><\/div>\n\t<div class=\"wpb_text_column wpb_content_element\" >\n\t\t<div class=\"wpb_wrapper\">\n\t\t\t<div class=\"\">\n<h3>Popis Villas de Higuer\u00f3n<\/h3>\n<p>Villas Higueron jsou sb\u00edrkou modern\u00edch a inovativn\u00edch architektonicky navr\u017een\u00fdch dom\u016f, kter\u00e9 nab\u00edzej\u00ed harmonick\u00fd pocit se sv\u011btl\u00fdmi prostory a velk\u00fdmi okny, kter\u00e9 v\u00e1m umo\u017en\u00ed vychutnat si v\u00fdhled na mo\u0159e.<\/p>\n<p>V\u0161echny domy jsou samostatn\u00e9 a nab\u00edzej\u00ed pot\u0159ebn\u00e9 soukrom\u00ed pro ka\u017edou rodinu a neuv\u011b\u0159iteln\u00fd panoramatick\u00fd v\u00fdhled na mo\u0159e a pob\u0159e\u017e\u00ed Fuengiroly.<\/p>\n<p>Komplex se nach\u00e1z\u00ed v soukrom\u00e9 a exkluzivn\u00ed oblasti El Higueron a m\u00e1 7 kr\u00e1sn\u00fdch samostatn\u00fdch vil s 5 lo\u017enicemi. Dispozice nemovitost\u00ed je dob\u0159e promy\u0161len\u00e1, na dvou podla\u017e\u00edch plus suter\u00e9n, s 5 velk\u00fdmi venkovn\u00edmi lo\u017enicemi, 4 kompletn\u00edmi koupelnami plus WC a otev\u0159en\u00fdm ob\u00fdvac\u00edm pokojem s j\u00eddelnou se vstupem na zahradu a baz\u00e9n, ze kter\u00e9ho si m\u016f\u017eete vychutnat kr\u00e1sn\u00fd v\u00fdhled na mo\u0159e. .<\/p>\n<p>V suter\u00e9nu je kino, herna nebo t\u011blocvi\u010dna, pr\u00e1delna, ubikace pro zam\u011bstnance s kompletn\u00edm soci\u00e1ln\u00edm za\u0159\u00edzen\u00edm a gar\u00e1\u017e pro 3 vozidla s instalac\u00ed dob\u00edjec\u00ed stanice pro elektromobily<\/p>\n<p>El Higuer\u00f3n m\u00e1 strategickou polohu, co\u017e znamen\u00e1, \u017ee m\u00e1 vynikaj\u00edc\u00ed spojen\u00ed jak do centra Malagy, Marbelly, tak do zbytku provincie, proto\u017ee urbanizace m\u00e1 p\u0159\u00edm\u00e9 napojen\u00ed na A7 p\u0159es exit 217 a tak\u00e9 na pl\u00e1\u017e Carvajal. , jen 2 minuty j\u00edzdy autem.<\/p>\n<p>El Higuer\u00f3n je presti\u017en\u00ed a konsolidovan\u00e1 reziden\u010dn\u00ed oblast, tak\u017ee m\u00e1 v\u0161echny slu\u017eby, kter\u00e9 mohou b\u00fdt pot\u0159eba, a to jak v restaurac\u00edch, SPA, t\u011blocvi\u010dn\u00e1ch, pl\u00e1\u017eov\u00e9m klubu, komer\u010dn\u00edch oblastech, supermarketech, l\u00e9k\u00e1rn\u00e1ch a ve voln\u00e9m \u010dase.<\/p>\n<h3>Cena Villas de Higueron<\/h3>\n<p>Ceny od 1 850 000 Euro<\/p>\n<p>Vy\u017e\u00e1dejte si n\u00e1\u0161 informa\u010dn\u00ed bal\u00ed\u010dek n\u00ed\u017ee pro v\u00edce informac\u00ed, p\u016fdorysy, nejnov\u011bj\u0161\u00ed dostupnost a ceny.<\/p>\n<p>M\u00e1te konkr\u00e9tn\u00ed dotaz nebo byste si cht\u011bli domluvit sch\u016fzku? Zavolejte Ronovi de Vriesovi na +34 677 67 04 80.<\/p>\n<\/div>\n\n\t\t<\/div>\n\t<\/div>\n<div class=\"button_wrapper aligncenter\"><a  href=\"https:\/\/villas-higueron.com\/cs\/meer-info\/\" target=\"_self\" title=\"V\u00cdCE INFORMAC\u00cd\" class=\"button_  custom medium\" style=\"background-color:#bbaa85;color:#f7f7f7;\">V\u00cdCE INFORMAC\u00cd<\/a><\/div>\n\t\t<\/div>\n\t<\/div>\n\t<\/div>\n\n<\/div>\n<\/div>\n\n<div  class=\"content_row row page-content vc_row wpb_row  default-style fullwidth\" style=\"background-color: #bbac8c;\">\n\t\n\t<div class=\"content_row_wrapper  default\" >\n\t<div id=\"asdasd\" class=\"vc_col-sm-12 wpb_column vc_column_container\" >\n\t<div class=\"vc_column-inner\">\n\t\t<div class=\"wpb_wrapper\" >\n\t\t\t<div class=\"rt_heading_wrapper no-style\">\n\t\t\t\t\t\t<h1 class=\"rt_heading  no-style\"  style=\"font-size:24px;margin-top:24px;margin-bottom:0px;\">Funkce - <span class=\"after_h1 white\">Villa Higueron<\/span><\/h1> \n\t\t\t\t\t<\/div><div class=\"vc_empty_space\"   style=\"height: 32px\"><span class=\"vc_empty_space_inner\"><\/span><\/div><div class=\"vc_separator wpb_content_element vc_separator_align_center vc_sep_width_100 vc_sep_style-4 vc_sep_pos_align_center vc_separator_no_text vc_sep_color_grey\" ><span class=\"vc_sep_holder vc_sep_holder_l\"><span class=\"vc_sep_line\"><\/span><\/span><span class=\"vc_sep_holder vc_sep_holder_r\"><span class=\"vc_sep_line\"><\/span><\/span>\n<\/div>\n\t<div class=\"wpb_text_column wpb_content_element\" >\n\t\t<div class=\"wpb_wrapper\">\n\t\t\t\t \n\t\t<div  class=\"bullet-list style-1  check\">\n\t\t<ul>\n<li>luxusn\u00ed vily<\/li>\n<li>soukrom\u00fd baz\u00e9n<\/li>\n<li>V\u00fdhled na mo\u0159e<\/li>\n<li><span style=\"font-weight: 400;\">nekone\u010dn\u00fd baz\u00e9n<\/span><\/li>\n<li><span style=\"font-weight: 400;\">venkovn\u00ed kuchyn\u011b<\/span><\/li>\n<li>ceny od 1 895 000 \u20ac.<\/li>\n<\/ul>\n\n\t\t<\/div>\n\t\n\n\t\t<\/div>\n\t<\/div>\n\n\t\t<\/div>\n\t<\/div>\n\t<\/div>\n\n<\/div>\n<\/div>\n\n<div  class=\"content_row row quote-row vc_row wpb_row  default-style fullwidth\" style=\"background-color: #fcfcfc;\">\n\t\n\t<div class=\"content_row_wrapper  fullwidth\" >\n\t<div id=\"asdasd\" class=\"vc_col-sm-12 wpb_column vc_column_container vc_custom_1644925648982\" >\n\t<div class=\"vc_column-inner\">\n\t\t<div class=\"wpb_wrapper\" >\n\t\t\t<div class=\"rt_heading_wrapper style-3\">\n\t\t\t\t\t\t<h4 class=\"rt_heading serif quote-max-width style-3\" >Informa\u010dn\u00ed bal\u00ed\u010dek Villas Higueron <a href=\"https:\/\/new.minisites.casadelmar.nl\/meer-informatie\/\"> Vy\u017e\u00e1dejte si bro\u017euru a cen\u00edk <\/a><\/h4> \n\t\t\t\t\t<\/div>\n\t\t<\/div>\n\t<\/div>\n\t<\/div>\n\n<\/div>\n<\/div>\n\n<div  class=\"content_row row vc_row wpb_row  default-style fullwidth\" >\n\t\n\t<div class=\"content_row_wrapper  default\" >\n\t<div id=\"asdasd\" class=\"vc_col-sm-12 wpb_column vc_column_container\" >\n\t<div class=\"vc_column-inner\">\n\t\t<div class=\"wpb_wrapper\" >\n\t\t\t<div class=\"button_wrapper aligncenter\"><a  href=\"\/cs\/vice-informaci\/\" target=\"_self\" title=\"&gt; v\u00edce informac\u00ed\" class=\"button_  style-2 small\">&gt; v\u00edce informac\u00ed<\/a><\/div>\n\t\t<\/div>\n\t<\/div>\n\t<\/div>\n\n<\/div>\n<\/div>\n<\/section>","protected":false},"excerpt":{"rendered":"<p>\u2026 <a class=\"more-link\" href=\"https:\/\/villas-higueron.com\/cs\/komplex\/\">pokra\u010dovat ve \u010dten\u00ed<\/a><\/p>","protected":false},"author":1,"featured_media":4372,"parent":0,"menu_order":3,"comment_status":"closed","ping_status":"closed","template":"","meta":{"footnotes":""},"class_list":["post-95","page","type-page","status-publish","has-post-thumbnail","hentry"],"yoast_head":"<!-- This site is optimized with the Yoast SEO plugin v26.0 - https:\/\/yoast.com\/wordpress\/plugins\/seo\/ -->\n<title>Villas Higueron - Villas Higueron<\/title>\n<meta name=\"robots\" content=\"index, follow, max-snippet:-1, max-image-preview:large, max-video-preview:-1\" \/>\n<link rel=\"canonical\" href=\"https:\/\/villas-higueron.com\/cs\/komplex\/\" \/>\n<meta property=\"og:locale\" content=\"cs_CZ\" \/>\n<meta property=\"og:type\" content=\"article\" \/>\n<meta property=\"og:title\" content=\"Villas Higueron - Villas Higueron\" \/>\n<meta property=\"og:url\" content=\"https:\/\/villas-higueron.com\/cs\/komplex\/\" \/>\n<meta property=\"og:site_name\" content=\"Villas Higueron\" \/>\n<meta property=\"article:modified_time\" content=\"2024-02-01T12:23:29+00:00\" \/>\n<meta property=\"og:image\" content=\"https:\/\/villas-higueron.com\/wp-content\/uploads\/sites\/28\/2022\/05\/Villa-Higueron_terrace_2.jpg\" \/>\n\t<meta property=\"og:image:width\" content=\"1920\" \/>\n\t<meta property=\"og:image:height\" content=\"1080\" \/>\n\t<meta property=\"og:image:type\" content=\"image\/jpeg\" \/>\n<meta name=\"twitter:card\" content=\"summary_large_image\" \/>\n<meta name=\"twitter:label1\" content=\"Odhadovan\u00e1 doba \u010dten\u00ed\" \/>\n\t<meta name=\"twitter:data1\" content=\"3 minuty\" \/>\n<script type=\"application\/ld+json\" class=\"yoast-schema-graph\">{\"@context\":\"https:\/\/schema.org\",\"@graph\":[{\"@type\":\"WebPage\",\"@id\":\"https:\/\/villas-higueron.com\/het-complex\/\",\"url\":\"https:\/\/villas-higueron.com\/het-complex\/\",\"name\":\"Villas Higueron - Villas Higueron\",\"isPartOf\":{\"@id\":\"https:\/\/villas-higueron.com\/#website\"},\"primaryImageOfPage\":{\"@id\":\"https:\/\/villas-higueron.com\/het-complex\/#primaryimage\"},\"image\":{\"@id\":\"https:\/\/villas-higueron.com\/het-complex\/#primaryimage\"},\"thumbnailUrl\":\"https:\/\/villas-higueron.com\/wp-content\/uploads\/sites\/28\/2022\/05\/Villa-Higueron_terrace_2.jpg\",\"datePublished\":\"2022-01-27T10:58:29+00:00\",\"dateModified\":\"2024-02-01T12:23:29+00:00\",\"breadcrumb\":{\"@id\":\"https:\/\/villas-higueron.com\/het-complex\/#breadcrumb\"},\"inLanguage\":\"cs\",\"potentialAction\":[{\"@type\":\"ReadAction\",\"target\":[\"https:\/\/villas-higueron.com\/het-complex\/\"]}]},{\"@type\":\"ImageObject\",\"inLanguage\":\"cs\",\"@id\":\"https:\/\/villas-higueron.com\/het-complex\/#primaryimage\",\"url\":\"https:\/\/villas-higueron.com\/wp-content\/uploads\/sites\/28\/2022\/05\/Villa-Higueron_terrace_2.jpg\",\"contentUrl\":\"https:\/\/villas-higueron.com\/wp-content\/uploads\/sites\/28\/2022\/05\/Villa-Higueron_terrace_2.jpg\",\"width\":1920,\"height\":1080},{\"@type\":\"BreadcrumbList\",\"@id\":\"https:\/\/villas-higueron.com\/het-complex\/#breadcrumb\",\"itemListElement\":[{\"@type\":\"ListItem\",\"position\":1,\"name\":\"Home\",\"item\":\"https:\/\/villas-higueron.com\/\"},{\"@type\":\"ListItem\",\"position\":2,\"name\":\"Villas Higueron\"}]},{\"@type\":\"WebSite\",\"@id\":\"https:\/\/villas-higueron.com\/#website\",\"url\":\"https:\/\/villas-higueron.com\/\",\"name\":\"Villas Higueron\",\"description\":\"\",\"potentialAction\":[{\"@type\":\"SearchAction\",\"target\":{\"@type\":\"EntryPoint\",\"urlTemplate\":\"https:\/\/villas-higueron.com\/?s={search_term_string}\"},\"query-input\":{\"@type\":\"PropertyValueSpecification\",\"valueRequired\":true,\"valueName\":\"search_term_string\"}}],\"inLanguage\":\"cs\"}]}<\/script>\n<!-- \/ Yoast SEO plugin. -->","yoast_head_json":{"title":"Vily Higueron - Vily Higueron","robots":{"index":"index","follow":"follow","max-snippet":"max-snippet:-1","max-image-preview":"max-image-preview:large","max-video-preview":"max-video-preview:-1"},"canonical":"https:\/\/villas-higueron.com\/cs\/komplex\/","og_locale":"cs_CZ","og_type":"article","og_title":"Villas Higueron - Villas Higueron","og_url":"https:\/\/villas-higueron.com\/cs\/komplex\/","og_site_name":"Villas Higueron","article_modified_time":"2024-02-01T12:23:29+00:00","og_image":[{"width":1920,"height":1080,"url":"https:\/\/villas-higueron.com\/wp-content\/uploads\/sites\/28\/2022\/05\/Villa-Higueron_terrace_2.jpg","type":"image\/jpeg"}],"twitter_card":"summary_large_image","twitter_misc":{"Odhadovan\u00e1 doba \u010dten\u00ed":"3 minuty"},"schema":{"@context":"https:\/\/schema.org","@graph":[{"@type":"WebPage","@id":"https:\/\/villas-higueron.com\/het-complex\/","url":"https:\/\/villas-higueron.com\/het-complex\/","name":"Vily Higueron - Vily Higueron","isPartOf":{"@id":"https:\/\/villas-higueron.com\/#website"},"primaryImageOfPage":{"@id":"https:\/\/villas-higueron.com\/het-complex\/#primaryimage"},"image":{"@id":"https:\/\/villas-higueron.com\/het-complex\/#primaryimage"},"thumbnailUrl":"https:\/\/villas-higueron.com\/wp-content\/uploads\/sites\/28\/2022\/05\/Villa-Higueron_terrace_2.jpg","datePublished":"2022-01-27T10:58:29+00:00","dateModified":"2024-02-01T12:23:29+00:00","breadcrumb":{"@id":"https:\/\/villas-higueron.com\/het-complex\/#breadcrumb"},"inLanguage":"cs","potentialAction":[{"@type":"ReadAction","target":["https:\/\/villas-higueron.com\/het-complex\/"]}]},{"@type":"ImageObject","inLanguage":"cs","@id":"https:\/\/villas-higueron.com\/het-complex\/#primaryimage","url":"https:\/\/villas-higueron.com\/wp-content\/uploads\/sites\/28\/2022\/05\/Villa-Higueron_terrace_2.jpg","contentUrl":"https:\/\/villas-higueron.com\/wp-content\/uploads\/sites\/28\/2022\/05\/Villa-Higueron_terrace_2.jpg","width":1920,"height":1080},{"@type":"BreadcrumbList","@id":"https:\/\/villas-higueron.com\/het-complex\/#breadcrumb","itemListElement":[{"@type":"ListItem","position":1,"name":"Home","item":"https:\/\/villas-higueron.com\/"},{"@type":"ListItem","position":2,"name":"Villas Higueron"}]},{"@type":"WebSite","@id":"https:\/\/villas-higueron.com\/#website","url":"https:\/\/villas-higueron.com\/","name":"Villa Higueron","description":"","potentialAction":[{"@type":"SearchAction","target":{"@type":"EntryPoint","urlTemplate":"https:\/\/villas-higueron.com\/?s={search_term_string}"},"query-input":{"@type":"PropertyValueSpecification","valueRequired":true,"valueName":"search_term_string"}}],"inLanguage":"cs"}]}},"_links":{"self":[{"href":"https:\/\/villas-higueron.com\/cs\/wp-json\/wp\/v2\/pages\/95","targetHints":{"allow":["GET"]}}],"collection":[{"href":"https:\/\/villas-higueron.com\/cs\/wp-json\/wp\/v2\/pages"}],"about":[{"href":"https:\/\/villas-higueron.com\/cs\/wp-json\/wp\/v2\/types\/page"}],"author":[{"embeddable":true,"href":"https:\/\/villas-higueron.com\/cs\/wp-json\/wp\/v2\/users\/1"}],"replies":[{"embeddable":true,"href":"https:\/\/villas-higueron.com\/cs\/wp-json\/wp\/v2\/comments?post=95"}],"version-history":[{"count":57,"href":"https:\/\/villas-higueron.com\/cs\/wp-json\/wp\/v2\/pages\/95\/revisions"}],"predecessor-version":[{"id":4398,"href":"https:\/\/villas-higueron.com\/cs\/wp-json\/wp\/v2\/pages\/95\/revisions\/4398"}],"wp:featuredmedia":[{"embeddable":true,"href":"https:\/\/villas-higueron.com\/cs\/wp-json\/wp\/v2\/media\/4372"}],"wp:attachment":[{"href":"https:\/\/villas-higueron.com\/cs\/wp-json\/wp\/v2\/media?parent=95"}],"curies":[{"name":"wp","href":"https:\/\/api.w.org\/{rel}","templated":true}]}}