{"id":99,"date":"2022-01-27T10:58:40","date_gmt":"2022-01-27T10:58:40","guid":{"rendered":"http:\/\/cognito.mprinsdesign.nl\/?page_id=99"},"modified":"2023-05-17T11:03:01","modified_gmt":"2023-05-17T11:03:01","slug":"fotografie","status":"publish","type":"page","link":"https:\/\/villas-higueron.com\/cs\/fotografie\/","title":{"rendered":"fotky"},"content":{"rendered":"<section class=\"wpb-content-wrapper\"><div  class=\"content_row row page-content vc_row wpb_row  default-style fullwidth\" >\n\t\n\t<div class=\"content_row_wrapper  default\" >\n\t<div id=\"asdasd\" class=\"vc_col-sm-12 wpb_column vc_column_container\" >\n\t<div class=\"vc_column-inner\">\n\t\t<div class=\"wpb_wrapper\" >\n\t\t\t<div class=\"rt_heading_wrapper no-style\">\n\t\t\t\t\t\t<h1 class=\"rt_heading  no-style\"  style=\"font-size:24px;margin-top:24px;margin-bottom:0px;\">Fotky - <span class=\"after_h1\">Villa Higueron<\/span><\/h1> \n\t\t\t\t\t<\/div><div class=\"vc_empty_space\"   style=\"height: 32px\"><span class=\"vc_empty_space_inner\"><\/span><\/div><div class=\"vc_separator wpb_content_element vc_separator_align_center vc_sep_width_100 vc_sep_style-4 vc_sep_pos_align_center vc_separator_no_text vc_sep_color_grey\" ><span class=\"vc_sep_holder vc_sep_holder_l\"><span class=\"vc_sep_line\"><\/span><\/span><span class=\"vc_sep_holder vc_sep_holder_r\"><span class=\"vc_sep_line\"><\/span><\/span>\n<\/div>\n\t\t<\/div>\n\t<\/div>\n\t<\/div>\n\n<\/div>\n<\/div>\n\n<div  class=\"content_row row room-list vc_row wpb_row  default-style fullwidth\" >\n\t\n\t<div class=\"content_row_wrapper  fullwidth\" >\n\t<div id=\"asdasd\" class=\"vc_col-sm-12 wpb_column vc_column_container\" >\n\t<div class=\"vc_column-inner\">\n\t\t<div class=\"wpb_wrapper\" >\n\t\t\t\n\t<div class=\"wpb_text_column wpb_content_element\" >\n\t\t<div class=\"wpb_wrapper\">\n\t\t\t<div class=\"rt-gallery clearfix grid4fotos fixed_heights animated-layout\">\n\t<div class=\"row clearfix\">\n\t\t\n\n\t\t<div class=\"col col-sm-3 col-xs-12 col-fotos\">\n\t\t\t<!-- room info -->\n\n\t\t\t<a id=\"\" class=\"imgeffect zoom rt_lightbox\" data-gal-id=\"\" data-rel=\"rt_lightbox\"\n\t\t\t   title=\"Zv\u011bt\u0161it obr\u00e1zek\" data-title=\"Villas Higueron\" data-sub-html=\"\" data-src=\"\" data-width=\"\"\n\t\t\t   data-height=\"\" data-poster=\"\" data-autoplay=\"\" data-audiotitle=\"\" data-download-url=\"false\"\n\t\t\t   href=\"https:\/\/villas-higueron.com\/wp-content\/uploads\/sites\/28\/2023\/05\/Villa-Higueron_1.jpg\">\n\n\t\t\t\t<div class=\"room-noinfo has-bg-image gallery-item-holder\"\n\t\t\t\t\t data-thumbnail=\"https:\/\/villas-higueron.com\/wp-content\/uploads\/sites\/28\/2023\/05\/Villa-Higueron_1.jpg\"\n\t\t\t\t\t data-min-height=\"350\" style=\"min-height: 350px;\">\n\n\t\t\t\t\t<!-- single title-->\n\t\t\t\t\t<div class=\"room-single-title\">Villa Higueron<\/div>\n\n\t\t\t\t\t<!-- overlay background -->\n\t\t\t\t\t<div class=\"room-bg-ovelay\"\n\t\t\t\t\t\t style=\"background-image: url(&quot;https:\/\/villas-higueron.com\/wp-content\/uploads\/sites\/28\/2023\/05\/Villa-Higueron_1.jpg&quot;);\">\n\t\t\t\t\t<\/div>\n\n\t\t\t\t<\/div>\n\t\t\t<\/a>\n\t\t\t<!--\/ end .room-info -->\n\t\t<\/div>\n\n\t\t\n\n\t\t<div class=\"col col-sm-3 col-xs-12 col-fotos\">\n\t\t\t<!-- room info -->\n\n\t\t\t<a id=\"\" class=\"imgeffect zoom rt_lightbox\" data-gal-id=\"\" data-rel=\"rt_lightbox\"\n\t\t\t   title=\"Zv\u011bt\u0161it obr\u00e1zek\" data-title=\"Villas Higueron\" data-sub-html=\"\" data-src=\"\" data-width=\"\"\n\t\t\t   data-height=\"\" data-poster=\"\" data-autoplay=\"\" data-audiotitle=\"\" data-download-url=\"false\"\n\t\t\t   href=\"https:\/\/villas-higueron.com\/wp-content\/uploads\/sites\/28\/2022\/04\/Villa-Higueron_2.jpg\">\n\n\t\t\t\t<div class=\"room-noinfo has-bg-image gallery-item-holder\"\n\t\t\t\t\t data-thumbnail=\"https:\/\/villas-higueron.com\/wp-content\/uploads\/sites\/28\/2022\/04\/Villa-Higueron_2.jpg\"\n\t\t\t\t\t data-min-height=\"350\" style=\"min-height: 350px;\">\n\n\t\t\t\t\t<!-- single title-->\n\t\t\t\t\t<div class=\"room-single-title\">Villa Higueron<\/div>\n\n\t\t\t\t\t<!-- overlay background -->\n\t\t\t\t\t<div class=\"room-bg-ovelay\"\n\t\t\t\t\t\t style=\"background-image: url(&quot;https:\/\/villas-higueron.com\/wp-content\/uploads\/sites\/28\/2022\/04\/Villa-Higueron_2.jpg&quot;);\">\n\t\t\t\t\t<\/div>\n\n\t\t\t\t<\/div>\n\t\t\t<\/a>\n\t\t\t<!--\/ end .room-info -->\n\t\t<\/div>\n\n\t\t\n\n\t\t<div class=\"col col-sm-3 col-xs-12 col-fotos\">\n\t\t\t<!-- room info -->\n\n\t\t\t<a id=\"\" class=\"imgeffect zoom rt_lightbox\" data-gal-id=\"\" data-rel=\"rt_lightbox\"\n\t\t\t   title=\"Zv\u011bt\u0161it obr\u00e1zek\" data-title=\"Villas Higueron\" data-sub-html=\"\" data-src=\"\" data-width=\"\"\n\t\t\t   data-height=\"\" data-poster=\"\" data-autoplay=\"\" data-audiotitle=\"\" data-download-url=\"false\"\n\t\t\t   href=\"https:\/\/villas-higueron.com\/wp-content\/uploads\/sites\/28\/2022\/10\/Villa-Higueron_3.jpg\">\n\n\t\t\t\t<div class=\"room-noinfo has-bg-image gallery-item-holder\"\n\t\t\t\t\t data-thumbnail=\"https:\/\/villas-higueron.com\/wp-content\/uploads\/sites\/28\/2022\/10\/Villa-Higueron_3.jpg\"\n\t\t\t\t\t data-min-height=\"350\" style=\"min-height: 350px;\">\n\n\t\t\t\t\t<!-- single title-->\n\t\t\t\t\t<div class=\"room-single-title\">Villa Higueron<\/div>\n\n\t\t\t\t\t<!-- overlay background -->\n\t\t\t\t\t<div class=\"room-bg-ovelay\"\n\t\t\t\t\t\t style=\"background-image: url(&quot;https:\/\/villas-higueron.com\/wp-content\/uploads\/sites\/28\/2022\/10\/Villa-Higueron_3.jpg&quot;);\">\n\t\t\t\t\t<\/div>\n\n\t\t\t\t<\/div>\n\t\t\t<\/a>\n\t\t\t<!--\/ end .room-info -->\n\t\t<\/div>\n\n\t\t\n\n\t\t<div class=\"col col-sm-3 col-xs-12 col-fotos\">\n\t\t\t<!-- room info -->\n\n\t\t\t<a id=\"\" class=\"imgeffect zoom rt_lightbox\" data-gal-id=\"\" data-rel=\"rt_lightbox\"\n\t\t\t   title=\"Zv\u011bt\u0161it obr\u00e1zek\" data-title=\"Villas Higueron\" data-sub-html=\"\" data-src=\"\" data-width=\"\"\n\t\t\t   data-height=\"\" data-poster=\"\" data-autoplay=\"\" data-audiotitle=\"\" data-download-url=\"false\"\n\t\t\t   href=\"https:\/\/villas-higueron.com\/wp-content\/uploads\/sites\/28\/2022\/03\/Villa-Higueron_garden.jpg\">\n\n\t\t\t\t<div class=\"room-noinfo has-bg-image gallery-item-holder\"\n\t\t\t\t\t data-thumbnail=\"https:\/\/villas-higueron.com\/wp-content\/uploads\/sites\/28\/2022\/03\/Villa-Higueron_garden.jpg\"\n\t\t\t\t\t data-min-height=\"350\" style=\"min-height: 350px;\">\n\n\t\t\t\t\t<!-- single title-->\n\t\t\t\t\t<div class=\"room-single-title\">Villa Higueron<\/div>\n\n\t\t\t\t\t<!-- overlay background -->\n\t\t\t\t\t<div class=\"room-bg-ovelay\"\n\t\t\t\t\t\t style=\"background-image: url(&quot;https:\/\/villas-higueron.com\/wp-content\/uploads\/sites\/28\/2022\/03\/Villa-Higueron_garden.jpg&quot;);\">\n\t\t\t\t\t<\/div>\n\n\t\t\t\t<\/div>\n\t\t\t<\/a>\n\t\t\t<!--\/ end .room-info -->\n\t\t<\/div>\n\n\t\t\n\n\t\t<div class=\"col col-sm-3 col-xs-12 col-fotos\">\n\t\t\t<!-- room info -->\n\n\t\t\t<a id=\"\" class=\"imgeffect zoom rt_lightbox\" data-gal-id=\"\" data-rel=\"rt_lightbox\"\n\t\t\t   title=\"Zv\u011bt\u0161it obr\u00e1zek\" data-title=\"Villas Higueron &#8211; terrace\" data-sub-html=\"\" data-src=\"\" data-width=\"\"\n\t\t\t   data-height=\"\" data-poster=\"\" data-autoplay=\"\" data-audiotitle=\"\" data-download-url=\"false\"\n\t\t\t   href=\"https:\/\/villas-higueron.com\/wp-content\/uploads\/sites\/28\/2022\/03\/Villa-Higueron_terrace.jpg\">\n\n\t\t\t\t<div class=\"room-noinfo has-bg-image gallery-item-holder\"\n\t\t\t\t\t data-thumbnail=\"https:\/\/villas-higueron.com\/wp-content\/uploads\/sites\/28\/2022\/03\/Villa-Higueron_terrace.jpg\"\n\t\t\t\t\t data-min-height=\"350\" style=\"min-height: 350px;\">\n\n\t\t\t\t\t<!-- single title-->\n\t\t\t\t\t<div class=\"room-single-title\">Vily Higueron \u2013 terasa<\/div>\n\n\t\t\t\t\t<!-- overlay background -->\n\t\t\t\t\t<div class=\"room-bg-ovelay\"\n\t\t\t\t\t\t style=\"background-image: url(&quot;https:\/\/villas-higueron.com\/wp-content\/uploads\/sites\/28\/2022\/03\/Villa-Higueron_terrace.jpg&quot;);\">\n\t\t\t\t\t<\/div>\n\n\t\t\t\t<\/div>\n\t\t\t<\/a>\n\t\t\t<!--\/ end .room-info -->\n\t\t<\/div>\n\n\t\t\n\n\t\t<div class=\"col col-sm-3 col-xs-12 col-fotos\">\n\t\t\t<!-- room info -->\n\n\t\t\t<a id=\"\" class=\"imgeffect zoom rt_lightbox\" data-gal-id=\"\" data-rel=\"rt_lightbox\"\n\t\t\t   title=\"Zv\u011bt\u0161it obr\u00e1zek\" data-title=\"Villas Higueron &#8211; terrace\" data-sub-html=\"\" data-src=\"\" data-width=\"\"\n\t\t\t   data-height=\"\" data-poster=\"\" data-autoplay=\"\" data-audiotitle=\"\" data-download-url=\"false\"\n\t\t\t   href=\"https:\/\/villas-higueron.com\/wp-content\/uploads\/sites\/28\/2022\/05\/Villa-Higueron_terrace_2.jpg\">\n\n\t\t\t\t<div class=\"room-noinfo has-bg-image gallery-item-holder\"\n\t\t\t\t\t data-thumbnail=\"https:\/\/villas-higueron.com\/wp-content\/uploads\/sites\/28\/2022\/05\/Villa-Higueron_terrace_2.jpg\"\n\t\t\t\t\t data-min-height=\"350\" style=\"min-height: 350px;\">\n\n\t\t\t\t\t<!-- single title-->\n\t\t\t\t\t<div class=\"room-single-title\">Vily Higueron \u2013 terasa<\/div>\n\n\t\t\t\t\t<!-- overlay background -->\n\t\t\t\t\t<div class=\"room-bg-ovelay\"\n\t\t\t\t\t\t style=\"background-image: url(&quot;https:\/\/villas-higueron.com\/wp-content\/uploads\/sites\/28\/2022\/05\/Villa-Higueron_terrace_2.jpg&quot;);\">\n\t\t\t\t\t<\/div>\n\n\t\t\t\t<\/div>\n\t\t\t<\/a>\n\t\t\t<!--\/ end .room-info -->\n\t\t<\/div>\n\n\t\t\n\n\t\t<div class=\"col col-sm-3 col-xs-12 col-fotos\">\n\t\t\t<!-- room info -->\n\n\t\t\t<a id=\"\" class=\"imgeffect zoom rt_lightbox\" data-gal-id=\"\" data-rel=\"rt_lightbox\"\n\t\t\t   title=\"Zv\u011bt\u0161it obr\u00e1zek\" data-title=\"Villas Higueron &#8211; Living\" data-sub-html=\"\" data-src=\"\" data-width=\"\"\n\t\t\t   data-height=\"\" data-poster=\"\" data-autoplay=\"\" data-audiotitle=\"\" data-download-url=\"false\"\n\t\t\t   href=\"https:\/\/villas-higueron.com\/wp-content\/uploads\/sites\/28\/2022\/03\/Villa-Higueron_living.jpg\">\n\n\t\t\t\t<div class=\"room-noinfo has-bg-image gallery-item-holder\"\n\t\t\t\t\t data-thumbnail=\"https:\/\/villas-higueron.com\/wp-content\/uploads\/sites\/28\/2022\/03\/Villa-Higueron_living.jpg\"\n\t\t\t\t\t data-min-height=\"350\" style=\"min-height: 350px;\">\n\n\t\t\t\t\t<!-- single title-->\n\t\t\t\t\t<div class=\"room-single-title\">Villas Higueron \u2013 bydlen\u00ed<\/div>\n\n\t\t\t\t\t<!-- overlay background -->\n\t\t\t\t\t<div class=\"room-bg-ovelay\"\n\t\t\t\t\t\t style=\"background-image: url(&quot;https:\/\/villas-higueron.com\/wp-content\/uploads\/sites\/28\/2022\/03\/Villa-Higueron_living.jpg&quot;);\">\n\t\t\t\t\t<\/div>\n\n\t\t\t\t<\/div>\n\t\t\t<\/a>\n\t\t\t<!--\/ end .room-info -->\n\t\t<\/div>\n\n\t\t\n\n\t\t<div class=\"col col-sm-3 col-xs-12 col-fotos\">\n\t\t\t<!-- room info -->\n\n\t\t\t<a id=\"\" class=\"imgeffect zoom rt_lightbox\" data-gal-id=\"\" data-rel=\"rt_lightbox\"\n\t\t\t   title=\"Zv\u011bt\u0161it obr\u00e1zek\" data-title=\"Villas Higueron &#8211; Living\" data-sub-html=\"\" data-src=\"\" data-width=\"\"\n\t\t\t   data-height=\"\" data-poster=\"\" data-autoplay=\"\" data-audiotitle=\"\" data-download-url=\"false\"\n\t\t\t   href=\"https:\/\/villas-higueron.com\/wp-content\/uploads\/sites\/28\/2022\/03\/Villa-Higueron_living_2.jpg\">\n\n\t\t\t\t<div class=\"room-noinfo has-bg-image gallery-item-holder\"\n\t\t\t\t\t data-thumbnail=\"https:\/\/villas-higueron.com\/wp-content\/uploads\/sites\/28\/2022\/03\/Villa-Higueron_living_2.jpg\"\n\t\t\t\t\t data-min-height=\"350\" style=\"min-height: 350px;\">\n\n\t\t\t\t\t<!-- single title-->\n\t\t\t\t\t<div class=\"room-single-title\">Villas Higueron \u2013 bydlen\u00ed<\/div>\n\n\t\t\t\t\t<!-- overlay background -->\n\t\t\t\t\t<div class=\"room-bg-ovelay\"\n\t\t\t\t\t\t style=\"background-image: url(&quot;https:\/\/villas-higueron.com\/wp-content\/uploads\/sites\/28\/2022\/03\/Villa-Higueron_living_2.jpg&quot;);\">\n\t\t\t\t\t<\/div>\n\n\t\t\t\t<\/div>\n\t\t\t<\/a>\n\t\t\t<!--\/ end .room-info -->\n\t\t<\/div>\n\n\t\t\n\n\t\t<div class=\"col col-sm-3 col-xs-12 col-fotos\">\n\t\t\t<!-- room info -->\n\n\t\t\t<a id=\"\" class=\"imgeffect zoom rt_lightbox\" data-gal-id=\"\" data-rel=\"rt_lightbox\"\n\t\t\t   title=\"Zv\u011bt\u0161it obr\u00e1zek\" data-title=\"Villas Higueron &#8211; Bathroom\" data-sub-html=\"\" data-src=\"\" data-width=\"\"\n\t\t\t   data-height=\"\" data-poster=\"\" data-autoplay=\"\" data-audiotitle=\"\" data-download-url=\"false\"\n\t\t\t   href=\"https:\/\/villas-higueron.com\/wp-content\/uploads\/sites\/28\/2022\/12\/Villa-Higueron_bathroom.jpg\">\n\n\t\t\t\t<div class=\"room-noinfo has-bg-image gallery-item-holder\"\n\t\t\t\t\t data-thumbnail=\"https:\/\/villas-higueron.com\/wp-content\/uploads\/sites\/28\/2022\/12\/Villa-Higueron_bathroom.jpg\"\n\t\t\t\t\t data-min-height=\"350\" style=\"min-height: 350px;\">\n\n\t\t\t\t\t<!-- single title-->\n\t\t\t\t\t<div class=\"room-single-title\">Vily Higueron \u2013 Koupelna<\/div>\n\n\t\t\t\t\t<!-- overlay background -->\n\t\t\t\t\t<div class=\"room-bg-ovelay\"\n\t\t\t\t\t\t style=\"background-image: url(&quot;https:\/\/villas-higueron.com\/wp-content\/uploads\/sites\/28\/2022\/12\/Villa-Higueron_bathroom.jpg&quot;);\">\n\t\t\t\t\t<\/div>\n\n\t\t\t\t<\/div>\n\t\t\t<\/a>\n\t\t\t<!--\/ end .room-info -->\n\t\t<\/div>\n\n\t\t\t<\/div>\n<\/div>\n\n\n\t\t<\/div>\n\t<\/div>\n<div class=\"vc_empty_space\"   style=\"height: 180px\"><span class=\"vc_empty_space_inner\"><\/span><\/div>\n\t\t<\/div>\n\t<\/div>\n\t<\/div>\n\n<\/div>\n<\/div>\n\n<div  class=\"content_row row vc_row wpb_row  default-style fullwidth\" >\n\t\n\t<div class=\"content_row_wrapper  default\" >\n\t<div id=\"asdasd\" class=\"vc_col-sm-12 wpb_column vc_column_container\" >\n\t<div class=\"vc_column-inner\">\n\t\t<div class=\"wpb_wrapper\" >\n\t\t\t\n\t\t<div  class=\"info_box margin-b20 clearfix info info\" data-rt-animate=\"animate\" data-rt-animation-type=\"fadeInDown\" data-rt-animation-group=\"single\">\n\t\t\t<span class=\"icon-cancel\"><\/span>\n\t\t\t<p class=\"icon-info-circled\">\n\t\t\t\t<\/p>\n<pre>Tyto obr\u00e1zky jsou pouze ilustrativn\u00ed, nejsou smluvn\u00ed. N\u011bkter\u00e9 prvky se mohou z technick\u00fdch d\u016fvod\u016f zm\u011bnit.<\/pre>\n<p>\n\t\t\t<\/p>\n\t\t<\/div>\n\t\n\t\t<\/div>\n\t<\/div>\n\t<\/div>\n\n<\/div>\n<\/div>\n<\/section>","protected":false},"excerpt":{"rendered":"<p>\u2026 <a class=\"more-link\" href=\"https:\/\/villas-higueron.com\/cs\/fotografie-2\/pohled-z-jizni-loznice-na-higueron\/\">pokra\u010dovat ve \u010dten\u00ed<\/a><\/p>","protected":false},"author":1,"featured_media":4361,"parent":0,"menu_order":2,"comment_status":"closed","ping_status":"closed","template":"","meta":{"footnotes":""},"class_list":["post-99","page","type-page","status-publish","has-post-thumbnail","hentry"],"yoast_head":"<!-- This site is optimized with the Yoast SEO plugin v26.0 - https:\/\/yoast.com\/wordpress\/plugins\/seo\/ -->\n<title>Foto&#039;s - Villas Higueron<\/title>\n<meta name=\"robots\" content=\"index, follow, max-snippet:-1, max-image-preview:large, max-video-preview:-1\" \/>\n<link rel=\"canonical\" href=\"https:\/\/villas-higueron.com\/cs\/fotografie\/\" \/>\n<meta property=\"og:locale\" content=\"cs_CZ\" \/>\n<meta property=\"og:type\" content=\"article\" \/>\n<meta property=\"og:title\" content=\"Foto&#039;s - Villas Higueron\" \/>\n<meta property=\"og:url\" content=\"https:\/\/villas-higueron.com\/cs\/fotografie\/\" \/>\n<meta property=\"og:site_name\" content=\"Villas Higueron\" \/>\n<meta property=\"article:modified_time\" content=\"2023-05-17T11:03:01+00:00\" \/>\n<meta property=\"og:image\" content=\"https:\/\/villas-higueron.com\/wp-content\/uploads\/sites\/28\/2023\/05\/Villa-Higueron_1.jpg\" \/>\n\t<meta property=\"og:image:width\" content=\"1920\" \/>\n\t<meta property=\"og:image:height\" content=\"1080\" \/>\n\t<meta property=\"og:image:type\" content=\"image\/jpeg\" \/>\n<meta name=\"twitter:card\" content=\"summary_large_image\" \/>\n<meta name=\"twitter:label1\" content=\"Odhadovan\u00e1 doba \u010dten\u00ed\" \/>\n\t<meta name=\"twitter:data1\" content=\"1 minuta\" \/>\n<script type=\"application\/ld+json\" class=\"yoast-schema-graph\">{\"@context\":\"https:\/\/schema.org\",\"@graph\":[{\"@type\":\"WebPage\",\"@id\":\"https:\/\/villas-higueron.com\/fotos\/\",\"url\":\"https:\/\/villas-higueron.com\/fotos\/\",\"name\":\"Foto's - Villas Higueron\",\"isPartOf\":{\"@id\":\"https:\/\/villas-higueron.com\/#website\"},\"primaryImageOfPage\":{\"@id\":\"https:\/\/villas-higueron.com\/fotos\/#primaryimage\"},\"image\":{\"@id\":\"https:\/\/villas-higueron.com\/fotos\/#primaryimage\"},\"thumbnailUrl\":\"https:\/\/villas-higueron.com\/wp-content\/uploads\/sites\/28\/2023\/05\/Villa-Higueron_1.jpg\",\"datePublished\":\"2022-01-27T10:58:40+00:00\",\"dateModified\":\"2023-05-17T11:03:01+00:00\",\"breadcrumb\":{\"@id\":\"https:\/\/villas-higueron.com\/fotos\/#breadcrumb\"},\"inLanguage\":\"cs\",\"potentialAction\":[{\"@type\":\"ReadAction\",\"target\":[\"https:\/\/villas-higueron.com\/fotos\/\"]}]},{\"@type\":\"ImageObject\",\"inLanguage\":\"cs\",\"@id\":\"https:\/\/villas-higueron.com\/fotos\/#primaryimage\",\"url\":\"https:\/\/villas-higueron.com\/wp-content\/uploads\/sites\/28\/2023\/05\/Villa-Higueron_1.jpg\",\"contentUrl\":\"https:\/\/villas-higueron.com\/wp-content\/uploads\/sites\/28\/2023\/05\/Villa-Higueron_1.jpg\",\"width\":1920,\"height\":1080},{\"@type\":\"BreadcrumbList\",\"@id\":\"https:\/\/villas-higueron.com\/fotos\/#breadcrumb\",\"itemListElement\":[{\"@type\":\"ListItem\",\"position\":1,\"name\":\"Home\",\"item\":\"https:\/\/villas-higueron.com\/\"},{\"@type\":\"ListItem\",\"position\":2,\"name\":\"Foto&#8217;s\"}]},{\"@type\":\"WebSite\",\"@id\":\"https:\/\/villas-higueron.com\/#website\",\"url\":\"https:\/\/villas-higueron.com\/\",\"name\":\"Villas Higueron\",\"description\":\"\",\"potentialAction\":[{\"@type\":\"SearchAction\",\"target\":{\"@type\":\"EntryPoint\",\"urlTemplate\":\"https:\/\/villas-higueron.com\/?s={search_term_string}\"},\"query-input\":{\"@type\":\"PropertyValueSpecification\",\"valueRequired\":true,\"valueName\":\"search_term_string\"}}],\"inLanguage\":\"cs\"}]}<\/script>\n<!-- \/ Yoast SEO plugin. -->","yoast_head_json":{"title":"Fotky - Villas Higueron","robots":{"index":"index","follow":"follow","max-snippet":"max-snippet:-1","max-image-preview":"max-image-preview:large","max-video-preview":"max-video-preview:-1"},"canonical":"https:\/\/villas-higueron.com\/cs\/fotografie\/","og_locale":"cs_CZ","og_type":"article","og_title":"Foto's - Villas Higueron","og_url":"https:\/\/villas-higueron.com\/cs\/fotografie\/","og_site_name":"Villas Higueron","article_modified_time":"2023-05-17T11:03:01+00:00","og_image":[{"width":1920,"height":1080,"url":"https:\/\/villas-higueron.com\/wp-content\/uploads\/sites\/28\/2023\/05\/Villa-Higueron_1.jpg","type":"image\/jpeg"}],"twitter_card":"summary_large_image","twitter_misc":{"Odhadovan\u00e1 doba \u010dten\u00ed":"1 minuta"},"schema":{"@context":"https:\/\/schema.org","@graph":[{"@type":"WebPage","@id":"https:\/\/villas-higueron.com\/fotos\/","url":"https:\/\/villas-higueron.com\/fotos\/","name":"Fotky - Villas Higueron","isPartOf":{"@id":"https:\/\/villas-higueron.com\/#website"},"primaryImageOfPage":{"@id":"https:\/\/villas-higueron.com\/fotos\/#primaryimage"},"image":{"@id":"https:\/\/villas-higueron.com\/fotos\/#primaryimage"},"thumbnailUrl":"https:\/\/villas-higueron.com\/wp-content\/uploads\/sites\/28\/2023\/05\/Villa-Higueron_1.jpg","datePublished":"2022-01-27T10:58:40+00:00","dateModified":"2023-05-17T11:03:01+00:00","breadcrumb":{"@id":"https:\/\/villas-higueron.com\/fotos\/#breadcrumb"},"inLanguage":"cs","potentialAction":[{"@type":"ReadAction","target":["https:\/\/villas-higueron.com\/fotos\/"]}]},{"@type":"ImageObject","inLanguage":"cs","@id":"https:\/\/villas-higueron.com\/fotos\/#primaryimage","url":"https:\/\/villas-higueron.com\/wp-content\/uploads\/sites\/28\/2023\/05\/Villa-Higueron_1.jpg","contentUrl":"https:\/\/villas-higueron.com\/wp-content\/uploads\/sites\/28\/2023\/05\/Villa-Higueron_1.jpg","width":1920,"height":1080},{"@type":"BreadcrumbList","@id":"https:\/\/villas-higueron.com\/fotos\/#breadcrumb","itemListElement":[{"@type":"ListItem","position":1,"name":"Home","item":"https:\/\/villas-higueron.com\/"},{"@type":"ListItem","position":2,"name":"Foto&#8217;s"}]},{"@type":"WebSite","@id":"https:\/\/villas-higueron.com\/#website","url":"https:\/\/villas-higueron.com\/","name":"Villa Higueron","description":"","potentialAction":[{"@type":"SearchAction","target":{"@type":"EntryPoint","urlTemplate":"https:\/\/villas-higueron.com\/?s={search_term_string}"},"query-input":{"@type":"PropertyValueSpecification","valueRequired":true,"valueName":"search_term_string"}}],"inLanguage":"cs"}]}},"_links":{"self":[{"href":"https:\/\/villas-higueron.com\/cs\/wp-json\/wp\/v2\/pages\/99","targetHints":{"allow":["GET"]}}],"collection":[{"href":"https:\/\/villas-higueron.com\/cs\/wp-json\/wp\/v2\/pages"}],"about":[{"href":"https:\/\/villas-higueron.com\/cs\/wp-json\/wp\/v2\/types\/page"}],"author":[{"embeddable":true,"href":"https:\/\/villas-higueron.com\/cs\/wp-json\/wp\/v2\/users\/1"}],"replies":[{"embeddable":true,"href":"https:\/\/villas-higueron.com\/cs\/wp-json\/wp\/v2\/comments?post=99"}],"version-history":[{"count":10,"href":"https:\/\/villas-higueron.com\/cs\/wp-json\/wp\/v2\/pages\/99\/revisions"}],"predecessor-version":[{"id":4376,"href":"https:\/\/villas-higueron.com\/cs\/wp-json\/wp\/v2\/pages\/99\/revisions\/4376"}],"wp:featuredmedia":[{"embeddable":true,"href":"https:\/\/villas-higueron.com\/cs\/wp-json\/wp\/v2\/media\/4361"}],"wp:attachment":[{"href":"https:\/\/villas-higueron.com\/cs\/wp-json\/wp\/v2\/media?parent=99"}],"curies":[{"name":"wp","href":"https:\/\/api.w.org\/{rel}","templated":true}]}}