{"id":95,"date":"2022-01-27T10:58:29","date_gmt":"2022-01-27T10:58:29","guid":{"rendered":"http:\/\/cognito.mprinsdesign.nl\/?page_id=95"},"modified":"2024-02-01T12:23:29","modified_gmt":"2024-02-01T12:23:29","slug":"der-komplex","status":"publish","type":"page","link":"https:\/\/villas-higueron.com\/de\/der-komplex\/","title":{"rendered":"Villa Higueron"},"content":{"rendered":"<section class=\"wpb-content-wrapper\"><div  class=\"content_row row page-content vc_row wpb_row  default-style fullwidth\" >\n\t\n\t<div class=\"content_row_wrapper  default\" >\n\t<div id=\"asdasd\" class=\"vc_col-sm-12 wpb_column vc_column_container\" >\n\t<div class=\"vc_column-inner\">\n\t\t<div class=\"wpb_wrapper\" >\n\t\t\t<div class=\"rt_heading_wrapper no-style\">\n\t\t\t\t\t\t<h1 class=\"rt_heading  no-style\"  style=\"font-size:24px;margin-top:24px;margin-bottom:0px;\">Villen Higueron \u2013 <span class=\"after_h1\">Fuengirola<\/span><\/h1> \n\t\t\t\t\t<\/div><div class=\"vc_empty_space\"   style=\"height: 32px\"><span class=\"vc_empty_space_inner\"><\/span><\/div><div class=\"vc_separator wpb_content_element vc_separator_align_center vc_sep_width_100 vc_sep_style-4 vc_sep_pos_align_center vc_separator_no_text vc_sep_color_grey\" ><span class=\"vc_sep_holder vc_sep_holder_l\"><span class=\"vc_sep_line\"><\/span><\/span><span class=\"vc_sep_holder vc_sep_holder_r\"><span class=\"vc_sep_line\"><\/span><\/span>\n<\/div><div class=\"vc_empty_space\"   style=\"height: 32px\"><span class=\"vc_empty_space_inner\"><\/span><\/div>\n\t<div class=\"wpb_text_column wpb_content_element\" >\n\t\t<div class=\"wpb_wrapper\">\n\t\t\t<div class=\"\">\n<h3>Beschreibung Villas de Higuer\u00f3n<\/h3>\n<p>Die Villas Higueron sind eine Sammlung zeitgen\u00f6ssischer und innovativer architektonisch gestalteter H\u00e4user, die ein harmonisches Ambiente mit hellen R\u00e4umen und gro\u00dfen Fenstern bieten, durch die Sie den Meerblick genie\u00dfen k\u00f6nnen.<\/p>\n<p>Alle H\u00e4user sind eigenst\u00e4ndig und bieten die n\u00f6tige Privatsph\u00e4re f\u00fcr jede Familie sowie einen unglaublichen Panoramablick auf das Meer und die K\u00fcste von Fuengirola.<\/p>\n<p>Der Komplex liegt in der privaten und exklusiven Gegend von El Higueron und verf\u00fcgt \u00fcber 7 wundersch\u00f6ne freistehende Villen mit 5 Schlafzimmern. Die Aufteilung der Immobilien ist gut durchdacht, auf zwei Etagen plus Keller, mit 5 gro\u00dfen Au\u00dfenschlafzimmern, 4 kompletten Badezimmern plus Toilette und offenem Wohn-Esszimmer mit Zugang zum Garten und Pool, von dem aus Sie einen wundersch\u00f6nen Blick auf das Meer genie\u00dfen k\u00f6nnen .<\/p>\n<p>Der Keller verf\u00fcgt \u00fcber einen Kinoraum, ein Spielzimmer oder einen Fitnessraum, eine Waschk\u00fcche, Personalr\u00e4ume mit komplettem Badezimmer und eine Garage f\u00fcr 3 Fahrzeuge mit Installation einer Ladestation f\u00fcr Elektrofahrzeuge<\/p>\n<p>El Higuer\u00f3n verf\u00fcgt \u00fcber eine strategische Lage, was bedeutet, dass es \u00fcber eine hervorragende Anbindung sowohl an das Zentrum von Malaga, Marbella als auch an den Rest der Provinz verf\u00fcgt, da die Urbanisation \u00fcber die Ausfahrt 217 eine direkte Anbindung an die A7 sowie an den Strand von Carvajal hat , nur 2 Autominuten entfernt.<\/p>\n<p>El Higuer\u00f3n ist ein prestigetr\u00e4chtiges und konsolidiertes Wohngebiet und verf\u00fcgt daher \u00fcber alle Dienstleistungen, die ben\u00f6tigt werden, sowohl in Restaurants, SPA, Fitnessstudios, Beach Clubs, Gewerbegebieten, Superm\u00e4rkten, Apotheken und Freizeiteinrichtungen.<\/p>\n<h3>Preis Villas de Higueron<\/h3>\n<p>Preise ab 1.850.000 Euro<\/p>\n<p>Fordern Sie unten unser Informationspaket an, um weitere Informationen, Grundrisse, aktuelle Verf\u00fcgbarkeit und Preise zu erhalten.<\/p>\n<p>Sie haben eine konkrete Frage oder m\u00f6chten einen Termin vereinbaren? Rufen Sie Ron de Vries unter +34 677 67 04 80 an.<\/p>\n<\/div>\n\n\t\t<\/div>\n\t<\/div>\n<div class=\"button_wrapper aligncenter\"><a  href=\"https:\/\/villas-higueron.com\/de\/meer-info\/\" target=\"_self\" title=\"MEHR INFO\" class=\"button_  custom medium\" style=\"background-color:#bbaa85;color:#f7f7f7;\">MEHR INFO<\/a><\/div>\n\t\t<\/div>\n\t<\/div>\n\t<\/div>\n\n<\/div>\n<\/div>\n\n<div  class=\"content_row row page-content vc_row wpb_row  default-style fullwidth\" style=\"background-color: #bbac8c;\">\n\t\n\t<div class=\"content_row_wrapper  default\" >\n\t<div id=\"asdasd\" class=\"vc_col-sm-12 wpb_column vc_column_container\" >\n\t<div class=\"vc_column-inner\">\n\t\t<div class=\"wpb_wrapper\" >\n\t\t\t<div class=\"rt_heading_wrapper no-style\">\n\t\t\t\t\t\t<h1 class=\"rt_heading  no-style\"  style=\"font-size:24px;margin-top:24px;margin-bottom:0px;\">Merkmale - <span class=\"after_h1 white\">Villa Higueron<\/span><\/h1> \n\t\t\t\t\t<\/div><div class=\"vc_empty_space\"   style=\"height: 32px\"><span class=\"vc_empty_space_inner\"><\/span><\/div><div class=\"vc_separator wpb_content_element vc_separator_align_center vc_sep_width_100 vc_sep_style-4 vc_sep_pos_align_center vc_separator_no_text vc_sep_color_grey\" ><span class=\"vc_sep_holder vc_sep_holder_l\"><span class=\"vc_sep_line\"><\/span><\/span><span class=\"vc_sep_holder vc_sep_holder_r\"><span class=\"vc_sep_line\"><\/span><\/span>\n<\/div>\n\t<div class=\"wpb_text_column wpb_content_element\" >\n\t\t<div class=\"wpb_wrapper\">\n\t\t\t\t \n\t\t<div  class=\"bullet-list style-1  check\">\n\t\t<ul>\n<li>Luxusvillen<\/li>\n<li>Privater Pool<\/li>\n<li>Meerblick<\/li>\n<li><span style=\"font-weight: 400;\">Infinity-Pool<\/span><\/li>\n<li><span style=\"font-weight: 400;\">Au\u00dfenk\u00fcche<\/span><\/li>\n<li>Preise ab 1.895.000 \u20ac.<\/li>\n<\/ul>\n\n\t\t<\/div>\n\t\n\n\t\t<\/div>\n\t<\/div>\n\n\t\t<\/div>\n\t<\/div>\n\t<\/div>\n\n<\/div>\n<\/div>\n\n<div  class=\"content_row row quote-row vc_row wpb_row  default-style fullwidth\" style=\"background-color: #fcfcfc;\">\n\t\n\t<div class=\"content_row_wrapper  fullwidth\" >\n\t<div id=\"asdasd\" class=\"vc_col-sm-12 wpb_column vc_column_container vc_custom_1644925648982\" >\n\t<div class=\"vc_column-inner\">\n\t\t<div class=\"wpb_wrapper\" >\n\t\t\t<div class=\"rt_heading_wrapper style-3\">\n\t\t\t\t\t\t<h4 class=\"rt_heading serif quote-max-width style-3\" >Informationspaket Villas Higueron <a href=\"https:\/\/new.minisites.casadelmar.nl\/meer-informatie\/\"> Fordern Sie Prospekt und Preisliste an <\/a><\/h4> \n\t\t\t\t\t<\/div>\n\t\t<\/div>\n\t<\/div>\n\t<\/div>\n\n<\/div>\n<\/div>\n\n<div  class=\"content_row row vc_row wpb_row  default-style fullwidth\" >\n\t\n\t<div class=\"content_row_wrapper  default\" >\n\t<div id=\"asdasd\" class=\"vc_col-sm-12 wpb_column vc_column_container\" >\n\t<div class=\"vc_column-inner\">\n\t\t<div class=\"wpb_wrapper\" >\n\t\t\t<div class=\"button_wrapper aligncenter\"><a  href=\"\/de\/mehr-informationen\/\" target=\"_self\" title=\"&gt; mehr Infos\" class=\"button_  style-2 small\">&gt; mehr Infos<\/a><\/div>\n\t\t<\/div>\n\t<\/div>\n\t<\/div>\n\n<\/div>\n<\/div>\n<\/section>","protected":false},"excerpt":{"rendered":"<p>\u2026 <a class=\"more-link\" href=\"https:\/\/villas-higueron.com\/de\/der-komplex\/\">Weiterlesen<\/a><\/p>","protected":false},"author":1,"featured_media":4372,"parent":0,"menu_order":3,"comment_status":"closed","ping_status":"closed","template":"","meta":{"footnotes":""},"class_list":["post-95","page","type-page","status-publish","has-post-thumbnail","hentry"],"yoast_head":"<!-- This site is optimized with the Yoast SEO plugin v26.0 - https:\/\/yoast.com\/wordpress\/plugins\/seo\/ -->\n<title>Villas Higueron - Villas Higueron<\/title>\n<meta name=\"robots\" content=\"index, follow, max-snippet:-1, max-image-preview:large, max-video-preview:-1\" \/>\n<link rel=\"canonical\" href=\"https:\/\/villas-higueron.com\/de\/der-komplex\/\" \/>\n<meta property=\"og:locale\" content=\"de_DE\" \/>\n<meta property=\"og:type\" content=\"article\" \/>\n<meta property=\"og:title\" content=\"Villas Higueron - Villas Higueron\" \/>\n<meta property=\"og:url\" content=\"https:\/\/villas-higueron.com\/de\/der-komplex\/\" \/>\n<meta property=\"og:site_name\" content=\"Villas Higueron\" \/>\n<meta property=\"article:modified_time\" content=\"2024-02-01T12:23:29+00:00\" \/>\n<meta property=\"og:image\" content=\"https:\/\/villas-higueron.com\/wp-content\/uploads\/sites\/28\/2022\/05\/Villa-Higueron_terrace_2.jpg\" \/>\n\t<meta property=\"og:image:width\" content=\"1920\" \/>\n\t<meta property=\"og:image:height\" content=\"1080\" \/>\n\t<meta property=\"og:image:type\" content=\"image\/jpeg\" \/>\n<meta name=\"twitter:card\" content=\"summary_large_image\" \/>\n<meta name=\"twitter:label1\" content=\"Gesch\u00e4tzte Lesezeit\" \/>\n\t<meta name=\"twitter:data1\" content=\"3\u00a0Minuten\" \/>\n<script type=\"application\/ld+json\" class=\"yoast-schema-graph\">{\"@context\":\"https:\/\/schema.org\",\"@graph\":[{\"@type\":\"WebPage\",\"@id\":\"https:\/\/villas-higueron.com\/het-complex\/\",\"url\":\"https:\/\/villas-higueron.com\/het-complex\/\",\"name\":\"Villas Higueron - Villas Higueron\",\"isPartOf\":{\"@id\":\"https:\/\/villas-higueron.com\/#website\"},\"primaryImageOfPage\":{\"@id\":\"https:\/\/villas-higueron.com\/het-complex\/#primaryimage\"},\"image\":{\"@id\":\"https:\/\/villas-higueron.com\/het-complex\/#primaryimage\"},\"thumbnailUrl\":\"https:\/\/villas-higueron.com\/wp-content\/uploads\/sites\/28\/2022\/05\/Villa-Higueron_terrace_2.jpg\",\"datePublished\":\"2022-01-27T10:58:29+00:00\",\"dateModified\":\"2024-02-01T12:23:29+00:00\",\"breadcrumb\":{\"@id\":\"https:\/\/villas-higueron.com\/het-complex\/#breadcrumb\"},\"inLanguage\":\"de\",\"potentialAction\":[{\"@type\":\"ReadAction\",\"target\":[\"https:\/\/villas-higueron.com\/het-complex\/\"]}]},{\"@type\":\"ImageObject\",\"inLanguage\":\"de\",\"@id\":\"https:\/\/villas-higueron.com\/het-complex\/#primaryimage\",\"url\":\"https:\/\/villas-higueron.com\/wp-content\/uploads\/sites\/28\/2022\/05\/Villa-Higueron_terrace_2.jpg\",\"contentUrl\":\"https:\/\/villas-higueron.com\/wp-content\/uploads\/sites\/28\/2022\/05\/Villa-Higueron_terrace_2.jpg\",\"width\":1920,\"height\":1080},{\"@type\":\"BreadcrumbList\",\"@id\":\"https:\/\/villas-higueron.com\/het-complex\/#breadcrumb\",\"itemListElement\":[{\"@type\":\"ListItem\",\"position\":1,\"name\":\"Home\",\"item\":\"https:\/\/villas-higueron.com\/\"},{\"@type\":\"ListItem\",\"position\":2,\"name\":\"Villas Higueron\"}]},{\"@type\":\"WebSite\",\"@id\":\"https:\/\/villas-higueron.com\/#website\",\"url\":\"https:\/\/villas-higueron.com\/\",\"name\":\"Villas Higueron\",\"description\":\"\",\"potentialAction\":[{\"@type\":\"SearchAction\",\"target\":{\"@type\":\"EntryPoint\",\"urlTemplate\":\"https:\/\/villas-higueron.com\/?s={search_term_string}\"},\"query-input\":{\"@type\":\"PropertyValueSpecification\",\"valueRequired\":true,\"valueName\":\"search_term_string\"}}],\"inLanguage\":\"de\"}]}<\/script>\n<!-- \/ Yoast SEO plugin. -->","yoast_head_json":{"title":"Villen Higueron - Villen Higueron","robots":{"index":"index","follow":"follow","max-snippet":"max-snippet:-1","max-image-preview":"max-image-preview:large","max-video-preview":"max-video-preview:-1"},"canonical":"https:\/\/villas-higueron.com\/de\/der-komplex\/","og_locale":"de_DE","og_type":"article","og_title":"Villas Higueron - Villas Higueron","og_url":"https:\/\/villas-higueron.com\/de\/der-komplex\/","og_site_name":"Villas Higueron","article_modified_time":"2024-02-01T12:23:29+00:00","og_image":[{"width":1920,"height":1080,"url":"https:\/\/villas-higueron.com\/wp-content\/uploads\/sites\/28\/2022\/05\/Villa-Higueron_terrace_2.jpg","type":"image\/jpeg"}],"twitter_card":"summary_large_image","twitter_misc":{"Gesch\u00e4tzte Lesezeit":"3\u00a0Minuten"},"schema":{"@context":"https:\/\/schema.org","@graph":[{"@type":"WebPage","@id":"https:\/\/villas-higueron.com\/het-complex\/","url":"https:\/\/villas-higueron.com\/het-complex\/","name":"Villen Higueron - Villen Higueron","isPartOf":{"@id":"https:\/\/villas-higueron.com\/#website"},"primaryImageOfPage":{"@id":"https:\/\/villas-higueron.com\/het-complex\/#primaryimage"},"image":{"@id":"https:\/\/villas-higueron.com\/het-complex\/#primaryimage"},"thumbnailUrl":"https:\/\/villas-higueron.com\/wp-content\/uploads\/sites\/28\/2022\/05\/Villa-Higueron_terrace_2.jpg","datePublished":"2022-01-27T10:58:29+00:00","dateModified":"2024-02-01T12:23:29+00:00","breadcrumb":{"@id":"https:\/\/villas-higueron.com\/het-complex\/#breadcrumb"},"inLanguage":"de","potentialAction":[{"@type":"ReadAction","target":["https:\/\/villas-higueron.com\/het-complex\/"]}]},{"@type":"ImageObject","inLanguage":"de","@id":"https:\/\/villas-higueron.com\/het-complex\/#primaryimage","url":"https:\/\/villas-higueron.com\/wp-content\/uploads\/sites\/28\/2022\/05\/Villa-Higueron_terrace_2.jpg","contentUrl":"https:\/\/villas-higueron.com\/wp-content\/uploads\/sites\/28\/2022\/05\/Villa-Higueron_terrace_2.jpg","width":1920,"height":1080},{"@type":"BreadcrumbList","@id":"https:\/\/villas-higueron.com\/het-complex\/#breadcrumb","itemListElement":[{"@type":"ListItem","position":1,"name":"Home","item":"https:\/\/villas-higueron.com\/"},{"@type":"ListItem","position":2,"name":"Villas Higueron"}]},{"@type":"WebSite","@id":"https:\/\/villas-higueron.com\/#website","url":"https:\/\/villas-higueron.com\/","name":"Villa Higueron","description":"","potentialAction":[{"@type":"SearchAction","target":{"@type":"EntryPoint","urlTemplate":"https:\/\/villas-higueron.com\/?s={search_term_string}"},"query-input":{"@type":"PropertyValueSpecification","valueRequired":true,"valueName":"search_term_string"}}],"inLanguage":"de"}]}},"_links":{"self":[{"href":"https:\/\/villas-higueron.com\/de\/wp-json\/wp\/v2\/pages\/95","targetHints":{"allow":["GET"]}}],"collection":[{"href":"https:\/\/villas-higueron.com\/de\/wp-json\/wp\/v2\/pages"}],"about":[{"href":"https:\/\/villas-higueron.com\/de\/wp-json\/wp\/v2\/types\/page"}],"author":[{"embeddable":true,"href":"https:\/\/villas-higueron.com\/de\/wp-json\/wp\/v2\/users\/1"}],"replies":[{"embeddable":true,"href":"https:\/\/villas-higueron.com\/de\/wp-json\/wp\/v2\/comments?post=95"}],"version-history":[{"count":57,"href":"https:\/\/villas-higueron.com\/de\/wp-json\/wp\/v2\/pages\/95\/revisions"}],"predecessor-version":[{"id":4398,"href":"https:\/\/villas-higueron.com\/de\/wp-json\/wp\/v2\/pages\/95\/revisions\/4398"}],"wp:featuredmedia":[{"embeddable":true,"href":"https:\/\/villas-higueron.com\/de\/wp-json\/wp\/v2\/media\/4372"}],"wp:attachment":[{"href":"https:\/\/villas-higueron.com\/de\/wp-json\/wp\/v2\/media?parent=95"}],"curies":[{"name":"wp","href":"https:\/\/api.w.org\/{rel}","templated":true}]}}