{"id":95,"date":"2022-01-27T10:58:29","date_gmt":"2022-01-27T10:58:29","guid":{"rendered":"http:\/\/cognito.mprinsdesign.nl\/?page_id=95"},"modified":"2024-02-01T12:23:29","modified_gmt":"2024-02-01T12:23:29","slug":"el-complejo","status":"publish","type":"page","link":"https:\/\/villas-higueron.com\/es\/el-complejo\/","title":{"rendered":"Villa Higuer\u00f3n"},"content":{"rendered":"<section class=\"wpb-content-wrapper\"><div  class=\"content_row row page-content vc_row wpb_row  default-style fullwidth\" >\n\t\n\t<div class=\"content_row_wrapper  default\" >\n\t<div id=\"asdasd\" class=\"vc_col-sm-12 wpb_column vc_column_container\" >\n\t<div class=\"vc_column-inner\">\n\t\t<div class=\"wpb_wrapper\" >\n\t\t\t<div class=\"rt_heading_wrapper no-style\">\n\t\t\t\t\t\t<h1 class=\"rt_heading  no-style\"  style=\"font-size:24px;margin-top:24px;margin-bottom:0px;\">Villas Higuer\u00f3n \u2013 <span class=\"after_h1\">Fuengirola<\/span><\/h1> \n\t\t\t\t\t<\/div><div class=\"vc_empty_space\"   style=\"height: 32px\"><span class=\"vc_empty_space_inner\"><\/span><\/div><div class=\"vc_separator wpb_content_element vc_separator_align_center vc_sep_width_100 vc_sep_style-4 vc_sep_pos_align_center vc_separator_no_text vc_sep_color_grey\" ><span class=\"vc_sep_holder vc_sep_holder_l\"><span class=\"vc_sep_line\"><\/span><\/span><span class=\"vc_sep_holder vc_sep_holder_r\"><span class=\"vc_sep_line\"><\/span><\/span>\n<\/div><div class=\"vc_empty_space\"   style=\"height: 32px\"><span class=\"vc_empty_space_inner\"><\/span><\/div>\n\t<div class=\"wpb_text_column wpb_content_element\" >\n\t\t<div class=\"wpb_wrapper\">\n\t\t\t<div class=\"\">\n<h3>Descripci\u00f3n Villas de Higuer\u00f3n<\/h3>\n<p>Las Villas Higueron son una colecci\u00f3n de casas de dise\u00f1o arquitect\u00f3nico contempor\u00e1neo e innovador que ofrecen un ambiente armonioso con espacios luminosos y grandes ventanales que permiten disfrutar de las vistas al mar.<\/p>\n<p>Todas las casas son independientes, ofreciendo la privacidad necesaria para cualquier familia e incre\u00edbles vistas panor\u00e1micas al mar y la costa de Fuengirola.<\/p>\n<p>Ubicado en la zona privada y exclusiva de El Higueron, el complejo cuenta con 7 hermosas villas independientes de 5 dormitorios. La distribuci\u00f3n de las viviendas est\u00e1 bien pensada, en dos plantas m\u00e1s s\u00f3tano, con 5 amplios dormitorios exteriores, 4 ba\u00f1os completos m\u00e1s aseo y sal\u00f3n-comedor abierto con acceso al jard\u00edn y piscina desde donde se disfruta de unas preciosas vistas al mar. .<\/p>\n<p>La planta s\u00f3tano dispone de sala de cine, sala de juegos o gimnasio, lavadero, dependencias de servicio con ba\u00f1o completo y garaje para 3 veh\u00edculos con instalaci\u00f3n de punto de recarga de veh\u00edculos el\u00e9ctricos<\/p>\n<p>El Higuer\u00f3n tiene una ubicaci\u00f3n estrat\u00e9gica, lo que significa que tiene excelentes conexiones tanto con el centro de M\u00e1laga, Marbella y el resto de la provincia, ya que la urbanizaci\u00f3n tiene conexiones directas con la A7 por la salida 217, as\u00ed como con la playa de Carvajal. , a tan solo 2 minutos en coche.<\/p>\n<p>El Higuer\u00f3n es una zona residencial prestigiosa y consolidada, por lo que cuenta con todos los servicios que se puedan necesitar, tanto en restauraci\u00f3n, SPA, Gimnasios, Beach Club, zonas comerciales, supermercados, farmacias y ocio.<\/p>\n<h3>Precio Villas de Higuer\u00f3n<\/h3>\n<p>Precios desde 1.850.000 euros<\/p>\n<p>Solicite nuestro paquete de informaci\u00f3n a continuaci\u00f3n para obtener m\u00e1s informaci\u00f3n, planos de planta, disponibilidad y precios m\u00e1s recientes.<\/p>\n<p>\u00bfTiene alguna pregunta espec\u00edfica o le gustar\u00eda concertar una cita? Llama a Ron de Vries al +34 677 67 04 80.<\/p>\n<\/div>\n\n\t\t<\/div>\n\t<\/div>\n<div class=\"button_wrapper aligncenter\"><a  href=\"https:\/\/villas-higueron.com\/es\/meer-info\/\" target=\"_self\" title=\"M\u00c1S INFORMACI\u00d3N\" class=\"button_  custom medium\" style=\"background-color:#bbaa85;color:#f7f7f7;\">M\u00c1S INFORMACI\u00d3N<\/a><\/div>\n\t\t<\/div>\n\t<\/div>\n\t<\/div>\n\n<\/div>\n<\/div>\n\n<div  class=\"content_row row page-content vc_row wpb_row  default-style fullwidth\" style=\"background-color: #bbac8c;\">\n\t\n\t<div class=\"content_row_wrapper  default\" >\n\t<div id=\"asdasd\" class=\"vc_col-sm-12 wpb_column vc_column_container\" >\n\t<div class=\"vc_column-inner\">\n\t\t<div class=\"wpb_wrapper\" >\n\t\t\t<div class=\"rt_heading_wrapper no-style\">\n\t\t\t\t\t\t<h1 class=\"rt_heading  no-style\"  style=\"font-size:24px;margin-top:24px;margin-bottom:0px;\">Caracter\u00edsticas - <span class=\"after_h1 white\">Villa Higuer\u00f3n<\/span><\/h1> \n\t\t\t\t\t<\/div><div class=\"vc_empty_space\"   style=\"height: 32px\"><span class=\"vc_empty_space_inner\"><\/span><\/div><div class=\"vc_separator wpb_content_element vc_separator_align_center vc_sep_width_100 vc_sep_style-4 vc_sep_pos_align_center vc_separator_no_text vc_sep_color_grey\" ><span class=\"vc_sep_holder vc_sep_holder_l\"><span class=\"vc_sep_line\"><\/span><\/span><span class=\"vc_sep_holder vc_sep_holder_r\"><span class=\"vc_sep_line\"><\/span><\/span>\n<\/div>\n\t<div class=\"wpb_text_column wpb_content_element\" >\n\t\t<div class=\"wpb_wrapper\">\n\t\t\t\t \n\t\t<div  class=\"bullet-list style-1  check\">\n\t\t<ul>\n<li>villas de lujo<\/li>\n<li>Piscina privada<\/li>\n<li>Vista al mar<\/li>\n<li><span style=\"font-weight: 400;\">piscina infinita<\/span><\/li>\n<li><span style=\"font-weight: 400;\">cocina exterior<\/span><\/li>\n<li>precios desde 1.895.000\u20ac.<\/li>\n<\/ul>\n\n\t\t<\/div>\n\t\n\n\t\t<\/div>\n\t<\/div>\n\n\t\t<\/div>\n\t<\/div>\n\t<\/div>\n\n<\/div>\n<\/div>\n\n<div  class=\"content_row row quote-row vc_row wpb_row  default-style fullwidth\" style=\"background-color: #fcfcfc;\">\n\t\n\t<div class=\"content_row_wrapper  fullwidth\" >\n\t<div id=\"asdasd\" class=\"vc_col-sm-12 wpb_column vc_column_container vc_custom_1644925648982\" >\n\t<div class=\"vc_column-inner\">\n\t\t<div class=\"wpb_wrapper\" >\n\t\t\t<div class=\"rt_heading_wrapper style-3\">\n\t\t\t\t\t\t<h4 class=\"rt_heading serif quote-max-width style-3\" >Paquete informativo Villas Higueron <a href=\"https:\/\/new.minisites.casadelmar.nl\/meer-informatie\/\"> Solicitar folleto y lista de precios <\/a><\/h4> \n\t\t\t\t\t<\/div>\n\t\t<\/div>\n\t<\/div>\n\t<\/div>\n\n<\/div>\n<\/div>\n\n<div  class=\"content_row row vc_row wpb_row  default-style fullwidth\" >\n\t\n\t<div class=\"content_row_wrapper  default\" >\n\t<div id=\"asdasd\" class=\"vc_col-sm-12 wpb_column vc_column_container\" >\n\t<div class=\"vc_column-inner\">\n\t\t<div class=\"wpb_wrapper\" >\n\t\t\t<div class=\"button_wrapper aligncenter\"><a  href=\"\/es\/mas-informacion\/\" target=\"_self\" title=\"&gt; m\u00e1s informaci\u00f3n\" class=\"button_  style-2 small\">&gt; m\u00e1s informaci\u00f3n<\/a><\/div>\n\t\t<\/div>\n\t<\/div>\n\t<\/div>\n\n<\/div>\n<\/div>\n<\/section>","protected":false},"excerpt":{"rendered":"<p>\u2026 <a class=\"more-link\" href=\"https:\/\/villas-higueron.com\/es\/el-complejo\/\">sigue leyendo<\/a><\/p>","protected":false},"author":1,"featured_media":4372,"parent":0,"menu_order":3,"comment_status":"closed","ping_status":"closed","template":"","meta":{"footnotes":""},"class_list":["post-95","page","type-page","status-publish","has-post-thumbnail","hentry"],"yoast_head":"<!-- This site is optimized with the Yoast SEO plugin v26.0 - https:\/\/yoast.com\/wordpress\/plugins\/seo\/ -->\n<title>Villas Higueron - Villas Higueron<\/title>\n<meta name=\"robots\" content=\"index, follow, max-snippet:-1, max-image-preview:large, max-video-preview:-1\" \/>\n<link rel=\"canonical\" href=\"https:\/\/villas-higueron.com\/es\/el-complejo\/\" \/>\n<meta property=\"og:locale\" content=\"es_ES\" \/>\n<meta property=\"og:type\" content=\"article\" \/>\n<meta property=\"og:title\" content=\"Villas Higueron - Villas Higueron\" \/>\n<meta property=\"og:url\" content=\"https:\/\/villas-higueron.com\/es\/el-complejo\/\" \/>\n<meta property=\"og:site_name\" content=\"Villas Higueron\" \/>\n<meta property=\"article:modified_time\" content=\"2024-02-01T12:23:29+00:00\" \/>\n<meta property=\"og:image\" content=\"https:\/\/villas-higueron.com\/wp-content\/uploads\/sites\/28\/2022\/05\/Villa-Higueron_terrace_2.jpg\" \/>\n\t<meta property=\"og:image:width\" content=\"1920\" \/>\n\t<meta property=\"og:image:height\" content=\"1080\" \/>\n\t<meta property=\"og:image:type\" content=\"image\/jpeg\" \/>\n<meta name=\"twitter:card\" content=\"summary_large_image\" \/>\n<meta name=\"twitter:label1\" content=\"Tiempo de lectura\" \/>\n\t<meta name=\"twitter:data1\" content=\"3 minutos\" \/>\n<script type=\"application\/ld+json\" class=\"yoast-schema-graph\">{\"@context\":\"https:\/\/schema.org\",\"@graph\":[{\"@type\":\"WebPage\",\"@id\":\"https:\/\/villas-higueron.com\/het-complex\/\",\"url\":\"https:\/\/villas-higueron.com\/het-complex\/\",\"name\":\"Villas Higueron - Villas Higueron\",\"isPartOf\":{\"@id\":\"https:\/\/villas-higueron.com\/#website\"},\"primaryImageOfPage\":{\"@id\":\"https:\/\/villas-higueron.com\/het-complex\/#primaryimage\"},\"image\":{\"@id\":\"https:\/\/villas-higueron.com\/het-complex\/#primaryimage\"},\"thumbnailUrl\":\"https:\/\/villas-higueron.com\/wp-content\/uploads\/sites\/28\/2022\/05\/Villa-Higueron_terrace_2.jpg\",\"datePublished\":\"2022-01-27T10:58:29+00:00\",\"dateModified\":\"2024-02-01T12:23:29+00:00\",\"breadcrumb\":{\"@id\":\"https:\/\/villas-higueron.com\/het-complex\/#breadcrumb\"},\"inLanguage\":\"es\",\"potentialAction\":[{\"@type\":\"ReadAction\",\"target\":[\"https:\/\/villas-higueron.com\/het-complex\/\"]}]},{\"@type\":\"ImageObject\",\"inLanguage\":\"es\",\"@id\":\"https:\/\/villas-higueron.com\/het-complex\/#primaryimage\",\"url\":\"https:\/\/villas-higueron.com\/wp-content\/uploads\/sites\/28\/2022\/05\/Villa-Higueron_terrace_2.jpg\",\"contentUrl\":\"https:\/\/villas-higueron.com\/wp-content\/uploads\/sites\/28\/2022\/05\/Villa-Higueron_terrace_2.jpg\",\"width\":1920,\"height\":1080},{\"@type\":\"BreadcrumbList\",\"@id\":\"https:\/\/villas-higueron.com\/het-complex\/#breadcrumb\",\"itemListElement\":[{\"@type\":\"ListItem\",\"position\":1,\"name\":\"Home\",\"item\":\"https:\/\/villas-higueron.com\/\"},{\"@type\":\"ListItem\",\"position\":2,\"name\":\"Villas Higueron\"}]},{\"@type\":\"WebSite\",\"@id\":\"https:\/\/villas-higueron.com\/#website\",\"url\":\"https:\/\/villas-higueron.com\/\",\"name\":\"Villas Higueron\",\"description\":\"\",\"potentialAction\":[{\"@type\":\"SearchAction\",\"target\":{\"@type\":\"EntryPoint\",\"urlTemplate\":\"https:\/\/villas-higueron.com\/?s={search_term_string}\"},\"query-input\":{\"@type\":\"PropertyValueSpecification\",\"valueRequired\":true,\"valueName\":\"search_term_string\"}}],\"inLanguage\":\"es\"}]}<\/script>\n<!-- \/ Yoast SEO plugin. -->","yoast_head_json":{"title":"Villas Higuer\u00f3n - Villas Higuer\u00f3n","robots":{"index":"index","follow":"follow","max-snippet":"max-snippet:-1","max-image-preview":"max-image-preview:large","max-video-preview":"max-video-preview:-1"},"canonical":"https:\/\/villas-higueron.com\/es\/el-complejo\/","og_locale":"es_ES","og_type":"article","og_title":"Villas Higueron - Villas Higueron","og_url":"https:\/\/villas-higueron.com\/es\/el-complejo\/","og_site_name":"Villas Higueron","article_modified_time":"2024-02-01T12:23:29+00:00","og_image":[{"width":1920,"height":1080,"url":"https:\/\/villas-higueron.com\/wp-content\/uploads\/sites\/28\/2022\/05\/Villa-Higueron_terrace_2.jpg","type":"image\/jpeg"}],"twitter_card":"summary_large_image","twitter_misc":{"Tiempo de lectura":"3 minutos"},"schema":{"@context":"https:\/\/schema.org","@graph":[{"@type":"WebPage","@id":"https:\/\/villas-higueron.com\/het-complex\/","url":"https:\/\/villas-higueron.com\/het-complex\/","name":"Villas Higuer\u00f3n - Villas Higuer\u00f3n","isPartOf":{"@id":"https:\/\/villas-higueron.com\/#website"},"primaryImageOfPage":{"@id":"https:\/\/villas-higueron.com\/het-complex\/#primaryimage"},"image":{"@id":"https:\/\/villas-higueron.com\/het-complex\/#primaryimage"},"thumbnailUrl":"https:\/\/villas-higueron.com\/wp-content\/uploads\/sites\/28\/2022\/05\/Villa-Higueron_terrace_2.jpg","datePublished":"2022-01-27T10:58:29+00:00","dateModified":"2024-02-01T12:23:29+00:00","breadcrumb":{"@id":"https:\/\/villas-higueron.com\/het-complex\/#breadcrumb"},"inLanguage":"es","potentialAction":[{"@type":"ReadAction","target":["https:\/\/villas-higueron.com\/het-complex\/"]}]},{"@type":"ImageObject","inLanguage":"es","@id":"https:\/\/villas-higueron.com\/het-complex\/#primaryimage","url":"https:\/\/villas-higueron.com\/wp-content\/uploads\/sites\/28\/2022\/05\/Villa-Higueron_terrace_2.jpg","contentUrl":"https:\/\/villas-higueron.com\/wp-content\/uploads\/sites\/28\/2022\/05\/Villa-Higueron_terrace_2.jpg","width":1920,"height":1080},{"@type":"BreadcrumbList","@id":"https:\/\/villas-higueron.com\/het-complex\/#breadcrumb","itemListElement":[{"@type":"ListItem","position":1,"name":"Home","item":"https:\/\/villas-higueron.com\/"},{"@type":"ListItem","position":2,"name":"Villas Higueron"}]},{"@type":"WebSite","@id":"https:\/\/villas-higueron.com\/#website","url":"https:\/\/villas-higueron.com\/","name":"Villa Higuer\u00f3n","description":"","potentialAction":[{"@type":"SearchAction","target":{"@type":"EntryPoint","urlTemplate":"https:\/\/villas-higueron.com\/?s={search_term_string}"},"query-input":{"@type":"PropertyValueSpecification","valueRequired":true,"valueName":"search_term_string"}}],"inLanguage":"es"}]}},"_links":{"self":[{"href":"https:\/\/villas-higueron.com\/es\/wp-json\/wp\/v2\/pages\/95","targetHints":{"allow":["GET"]}}],"collection":[{"href":"https:\/\/villas-higueron.com\/es\/wp-json\/wp\/v2\/pages"}],"about":[{"href":"https:\/\/villas-higueron.com\/es\/wp-json\/wp\/v2\/types\/page"}],"author":[{"embeddable":true,"href":"https:\/\/villas-higueron.com\/es\/wp-json\/wp\/v2\/users\/1"}],"replies":[{"embeddable":true,"href":"https:\/\/villas-higueron.com\/es\/wp-json\/wp\/v2\/comments?post=95"}],"version-history":[{"count":57,"href":"https:\/\/villas-higueron.com\/es\/wp-json\/wp\/v2\/pages\/95\/revisions"}],"predecessor-version":[{"id":4398,"href":"https:\/\/villas-higueron.com\/es\/wp-json\/wp\/v2\/pages\/95\/revisions\/4398"}],"wp:featuredmedia":[{"embeddable":true,"href":"https:\/\/villas-higueron.com\/es\/wp-json\/wp\/v2\/media\/4372"}],"wp:attachment":[{"href":"https:\/\/villas-higueron.com\/es\/wp-json\/wp\/v2\/media?parent=95"}],"curies":[{"name":"wp","href":"https:\/\/api.w.org\/{rel}","templated":true}]}}