{"id":95,"date":"2022-01-27T10:58:29","date_gmt":"2022-01-27T10:58:29","guid":{"rendered":"http:\/\/cognito.mprinsdesign.nl\/?page_id=95"},"modified":"2024-02-01T12:23:29","modified_gmt":"2024-02-01T12:23:29","slug":"kompleks","status":"publish","type":"page","link":"https:\/\/villas-higueron.com\/pl\/kompleks\/","title":{"rendered":"Willa Higueron"},"content":{"rendered":"<section class=\"wpb-content-wrapper\"><div  class=\"content_row row page-content vc_row wpb_row  default-style fullwidth\" >\n\t\n\t<div class=\"content_row_wrapper  default\" >\n\t<div id=\"asdasd\" class=\"vc_col-sm-12 wpb_column vc_column_container\" >\n\t<div class=\"vc_column-inner\">\n\t\t<div class=\"wpb_wrapper\" >\n\t\t\t<div class=\"rt_heading_wrapper no-style\">\n\t\t\t\t\t\t<h1 class=\"rt_heading  no-style\"  style=\"font-size:24px;margin-top:24px;margin-bottom:0px;\">Wille Higueron \u2013 <span class=\"after_h1\">Fuengirola<\/span><\/h1> \n\t\t\t\t\t<\/div><div class=\"vc_empty_space\"   style=\"height: 32px\"><span class=\"vc_empty_space_inner\"><\/span><\/div><div class=\"vc_separator wpb_content_element vc_separator_align_center vc_sep_width_100 vc_sep_style-4 vc_sep_pos_align_center vc_separator_no_text vc_sep_color_grey\" ><span class=\"vc_sep_holder vc_sep_holder_l\"><span class=\"vc_sep_line\"><\/span><\/span><span class=\"vc_sep_holder vc_sep_holder_r\"><span class=\"vc_sep_line\"><\/span><\/span>\n<\/div><div class=\"vc_empty_space\"   style=\"height: 32px\"><span class=\"vc_empty_space_inner\"><\/span><\/div>\n\t<div class=\"wpb_text_column wpb_content_element\" >\n\t\t<div class=\"wpb_wrapper\">\n\t\t\t<div class=\"\">\n<h3>Opis Villas de Higuer\u00f3n<\/h3>\n<p>Villas Higueron to kolekcja nowoczesnych i innowacyjnych architektonicznie dom\u00f3w, kt\u00f3re zapewniaj\u0105 harmonijn\u0105 atmosfer\u0119 dzi\u0119ki jasnym przestrzeniom i du\u017cym oknom, przez kt\u00f3re mo\u017cna podziwia\u0107 widoki na morze.<\/p>\n<p>Wszystkie domy s\u0105 samowystarczalne, oferuj\u0105c niezb\u0119dn\u0105 prywatno\u015b\u0107 dla ka\u017cdej rodziny i niesamowite panoramiczne widoki na morze i wybrze\u017ce Fuengiroli.<\/p>\n<p>Po\u0142o\u017cony w prywatnej i ekskluzywnej dzielnicy El Higueron, kompleks sk\u0142ada si\u0119 z 7 pi\u0119knych wolnostoj\u0105cych willi z 5 sypialniami. Rozk\u0142ad nieruchomo\u015bci jest dobrze przemy\u015blany, na dw\u00f3ch pi\u0119trach plus piwnica, z 5 du\u017cymi sypialniami na zewn\u0105trz, 4 pe\u0142nymi \u0142azienkami i toalet\u0105 oraz otwartym salonem-jadalni\u0105 z dost\u0119pem do ogrodu i basenu, z kt\u00f3rego mo\u017cna podziwia\u0107 pi\u0119kne widoki na morze .<\/p>\n<p>W piwnicy znajduje si\u0119 sala kinowa, sala gier lub si\u0142ownia, pralnia, pomieszczenia socjalne z pe\u0142nym w\u0119z\u0142em sanitarnym oraz gara\u017c na 3 samochody z instalacj\u0105 punktu \u0142adowania pojazd\u00f3w elektrycznych<\/p>\n<p>El Higuer\u00f3n ma strategiczne po\u0142o\u017cenie, co oznacza, \u017ce ma doskona\u0142e po\u0142\u0105czenia zar\u00f3wno z centrum Malagi, Marbell\u0105, jak i reszt\u0105 prowincji, poniewa\u017c urbanizacja ma bezpo\u015brednie po\u0142\u0105czenia z autostrad\u0105 A7 przez zjazd 217, a tak\u017ce z pla\u017c\u0105 Carvajal , zaledwie 2 minuty jazdy samochodem.<\/p>\n<p>El Higuer\u00f3n to presti\u017cowa i skonsolidowana dzielnica mieszkaniowa, dzi\u0119ki czemu oferuje wszystkie us\u0142ugi, kt\u00f3re mog\u0105 by\u0107 potrzebne, zar\u00f3wno w restauracjach, SPA, si\u0142owniach, klubach pla\u017cowych, obszarach handlowych, supermarketach, aptekach i miejscach wypoczynku.<\/p>\n<h3>Cena willi de Higueron<\/h3>\n<p>Ceny od 1 850 000 Euro<\/p>\n<p>Popro\u015b o nasz pakiet informacyjny poni\u017cej, aby uzyska\u0107 wi\u0119cej informacji, plany pi\u0119ter, najnowsz\u0105 dost\u0119pno\u015b\u0107 i ceny.<\/p>\n<p>Masz konkretne pytanie lub chcesz um\u00f3wi\u0107 si\u0119 na spotkanie? Zadzwo\u0144 do Rona de Vriesa pod numer +34 677 67 04 80.<\/p>\n<\/div>\n\n\t\t<\/div>\n\t<\/div>\n<div class=\"button_wrapper aligncenter\"><a  href=\"https:\/\/villas-higueron.com\/pl\/meer-info\/\" target=\"_self\" title=\"WI\u0118CEJ INFORMACJI\" class=\"button_  custom medium\" style=\"background-color:#bbaa85;color:#f7f7f7;\">WI\u0118CEJ INFORMACJI<\/a><\/div>\n\t\t<\/div>\n\t<\/div>\n\t<\/div>\n\n<\/div>\n<\/div>\n\n<div  class=\"content_row row page-content vc_row wpb_row  default-style fullwidth\" style=\"background-color: #bbac8c;\">\n\t\n\t<div class=\"content_row_wrapper  default\" >\n\t<div id=\"asdasd\" class=\"vc_col-sm-12 wpb_column vc_column_container\" >\n\t<div class=\"vc_column-inner\">\n\t\t<div class=\"wpb_wrapper\" >\n\t\t\t<div class=\"rt_heading_wrapper no-style\">\n\t\t\t\t\t\t<h1 class=\"rt_heading  no-style\"  style=\"font-size:24px;margin-top:24px;margin-bottom:0px;\">Cechy - <span class=\"after_h1 white\">Willa Higueron<\/span><\/h1> \n\t\t\t\t\t<\/div><div class=\"vc_empty_space\"   style=\"height: 32px\"><span class=\"vc_empty_space_inner\"><\/span><\/div><div class=\"vc_separator wpb_content_element vc_separator_align_center vc_sep_width_100 vc_sep_style-4 vc_sep_pos_align_center vc_separator_no_text vc_sep_color_grey\" ><span class=\"vc_sep_holder vc_sep_holder_l\"><span class=\"vc_sep_line\"><\/span><\/span><span class=\"vc_sep_holder vc_sep_holder_r\"><span class=\"vc_sep_line\"><\/span><\/span>\n<\/div>\n\t<div class=\"wpb_text_column wpb_content_element\" >\n\t\t<div class=\"wpb_wrapper\">\n\t\t\t\t \n\t\t<div  class=\"bullet-list style-1  check\">\n\t\t<ul>\n<li>luksusowe wille<\/li>\n<li>prywatny basen<\/li>\n<li>Widok na morze<\/li>\n<li><span style=\"font-weight: 400;\">basen bez kraw\u0119dzi<\/span><\/li>\n<li><span style=\"font-weight: 400;\">kuchnia na zewn\u0105trz<\/span><\/li>\n<li>ceny od 1 895 000 \u20ac.<\/li>\n<\/ul>\n\n\t\t<\/div>\n\t\n\n\t\t<\/div>\n\t<\/div>\n\n\t\t<\/div>\n\t<\/div>\n\t<\/div>\n\n<\/div>\n<\/div>\n\n<div  class=\"content_row row quote-row vc_row wpb_row  default-style fullwidth\" style=\"background-color: #fcfcfc;\">\n\t\n\t<div class=\"content_row_wrapper  fullwidth\" >\n\t<div id=\"asdasd\" class=\"vc_col-sm-12 wpb_column vc_column_container vc_custom_1644925648982\" >\n\t<div class=\"vc_column-inner\">\n\t\t<div class=\"wpb_wrapper\" >\n\t\t\t<div class=\"rt_heading_wrapper style-3\">\n\t\t\t\t\t\t<h4 class=\"rt_heading serif quote-max-width style-3\" >Pakiet informacyjny Villas Higueron <a href=\"https:\/\/new.minisites.casadelmar.nl\/meer-informatie\/\"> Popro\u015b o broszur\u0119 i cennik <\/a><\/h4> \n\t\t\t\t\t<\/div>\n\t\t<\/div>\n\t<\/div>\n\t<\/div>\n\n<\/div>\n<\/div>\n\n<div  class=\"content_row row vc_row wpb_row  default-style fullwidth\" >\n\t\n\t<div class=\"content_row_wrapper  default\" >\n\t<div id=\"asdasd\" class=\"vc_col-sm-12 wpb_column vc_column_container\" >\n\t<div class=\"vc_column-inner\">\n\t\t<div class=\"wpb_wrapper\" >\n\t\t\t<div class=\"button_wrapper aligncenter\"><a  href=\"\/pl\/wiecej-informacji\/\" target=\"_self\" title=\"&gt; wi\u0119cej informacji\" class=\"button_  style-2 small\">&gt; wi\u0119cej informacji<\/a><\/div>\n\t\t<\/div>\n\t<\/div>\n\t<\/div>\n\n<\/div>\n<\/div>\n<\/section>","protected":false},"excerpt":{"rendered":"<p>\u2026 <a class=\"more-link\" href=\"https:\/\/villas-higueron.com\/pl\/kompleks\/\">Kontynuuj czytanie<\/a><\/p>","protected":false},"author":1,"featured_media":4372,"parent":0,"menu_order":3,"comment_status":"closed","ping_status":"closed","template":"","meta":{"footnotes":""},"class_list":["post-95","page","type-page","status-publish","has-post-thumbnail","hentry"],"yoast_head":"<!-- This site is optimized with the Yoast SEO plugin v26.0 - https:\/\/yoast.com\/wordpress\/plugins\/seo\/ -->\n<title>Villas Higueron - Villas Higueron<\/title>\n<meta name=\"robots\" content=\"index, follow, max-snippet:-1, max-image-preview:large, max-video-preview:-1\" \/>\n<link rel=\"canonical\" href=\"https:\/\/villas-higueron.com\/pl\/kompleks\/\" \/>\n<meta property=\"og:locale\" content=\"pl_PL\" \/>\n<meta property=\"og:type\" content=\"article\" \/>\n<meta property=\"og:title\" content=\"Villas Higueron - Villas Higueron\" \/>\n<meta property=\"og:url\" content=\"https:\/\/villas-higueron.com\/pl\/kompleks\/\" \/>\n<meta property=\"og:site_name\" content=\"Villas Higueron\" \/>\n<meta property=\"article:modified_time\" content=\"2024-02-01T12:23:29+00:00\" \/>\n<meta property=\"og:image\" content=\"https:\/\/villas-higueron.com\/wp-content\/uploads\/sites\/28\/2022\/05\/Villa-Higueron_terrace_2.jpg\" \/>\n\t<meta property=\"og:image:width\" content=\"1920\" \/>\n\t<meta property=\"og:image:height\" content=\"1080\" \/>\n\t<meta property=\"og:image:type\" content=\"image\/jpeg\" \/>\n<meta name=\"twitter:card\" content=\"summary_large_image\" \/>\n<meta name=\"twitter:label1\" content=\"Szacowany czas czytania\" \/>\n\t<meta name=\"twitter:data1\" content=\"3 minuty\" \/>\n<script type=\"application\/ld+json\" class=\"yoast-schema-graph\">{\"@context\":\"https:\/\/schema.org\",\"@graph\":[{\"@type\":\"WebPage\",\"@id\":\"https:\/\/villas-higueron.com\/het-complex\/\",\"url\":\"https:\/\/villas-higueron.com\/het-complex\/\",\"name\":\"Villas Higueron - Villas Higueron\",\"isPartOf\":{\"@id\":\"https:\/\/villas-higueron.com\/#website\"},\"primaryImageOfPage\":{\"@id\":\"https:\/\/villas-higueron.com\/het-complex\/#primaryimage\"},\"image\":{\"@id\":\"https:\/\/villas-higueron.com\/het-complex\/#primaryimage\"},\"thumbnailUrl\":\"https:\/\/villas-higueron.com\/wp-content\/uploads\/sites\/28\/2022\/05\/Villa-Higueron_terrace_2.jpg\",\"datePublished\":\"2022-01-27T10:58:29+00:00\",\"dateModified\":\"2024-02-01T12:23:29+00:00\",\"breadcrumb\":{\"@id\":\"https:\/\/villas-higueron.com\/het-complex\/#breadcrumb\"},\"inLanguage\":\"pl-PL\",\"potentialAction\":[{\"@type\":\"ReadAction\",\"target\":[\"https:\/\/villas-higueron.com\/het-complex\/\"]}]},{\"@type\":\"ImageObject\",\"inLanguage\":\"pl-PL\",\"@id\":\"https:\/\/villas-higueron.com\/het-complex\/#primaryimage\",\"url\":\"https:\/\/villas-higueron.com\/wp-content\/uploads\/sites\/28\/2022\/05\/Villa-Higueron_terrace_2.jpg\",\"contentUrl\":\"https:\/\/villas-higueron.com\/wp-content\/uploads\/sites\/28\/2022\/05\/Villa-Higueron_terrace_2.jpg\",\"width\":1920,\"height\":1080},{\"@type\":\"BreadcrumbList\",\"@id\":\"https:\/\/villas-higueron.com\/het-complex\/#breadcrumb\",\"itemListElement\":[{\"@type\":\"ListItem\",\"position\":1,\"name\":\"Home\",\"item\":\"https:\/\/villas-higueron.com\/\"},{\"@type\":\"ListItem\",\"position\":2,\"name\":\"Villas Higueron\"}]},{\"@type\":\"WebSite\",\"@id\":\"https:\/\/villas-higueron.com\/#website\",\"url\":\"https:\/\/villas-higueron.com\/\",\"name\":\"Villas Higueron\",\"description\":\"\",\"potentialAction\":[{\"@type\":\"SearchAction\",\"target\":{\"@type\":\"EntryPoint\",\"urlTemplate\":\"https:\/\/villas-higueron.com\/?s={search_term_string}\"},\"query-input\":{\"@type\":\"PropertyValueSpecification\",\"valueRequired\":true,\"valueName\":\"search_term_string\"}}],\"inLanguage\":\"pl-PL\"}]}<\/script>\n<!-- \/ Yoast SEO plugin. -->","yoast_head_json":{"title":"Wille Higueron - Wille Higueron","robots":{"index":"index","follow":"follow","max-snippet":"max-snippet:-1","max-image-preview":"max-image-preview:large","max-video-preview":"max-video-preview:-1"},"canonical":"https:\/\/villas-higueron.com\/pl\/kompleks\/","og_locale":"pl_PL","og_type":"article","og_title":"Villas Higueron - Villas Higueron","og_url":"https:\/\/villas-higueron.com\/pl\/kompleks\/","og_site_name":"Villas Higueron","article_modified_time":"2024-02-01T12:23:29+00:00","og_image":[{"width":1920,"height":1080,"url":"https:\/\/villas-higueron.com\/wp-content\/uploads\/sites\/28\/2022\/05\/Villa-Higueron_terrace_2.jpg","type":"image\/jpeg"}],"twitter_card":"summary_large_image","twitter_misc":{"Szacowany czas czytania":"3 minuty"},"schema":{"@context":"https:\/\/schema.org","@graph":[{"@type":"WebPage","@id":"https:\/\/villas-higueron.com\/het-complex\/","url":"https:\/\/villas-higueron.com\/het-complex\/","name":"Wille Higueron - Wille Higueron","isPartOf":{"@id":"https:\/\/villas-higueron.com\/#website"},"primaryImageOfPage":{"@id":"https:\/\/villas-higueron.com\/het-complex\/#primaryimage"},"image":{"@id":"https:\/\/villas-higueron.com\/het-complex\/#primaryimage"},"thumbnailUrl":"https:\/\/villas-higueron.com\/wp-content\/uploads\/sites\/28\/2022\/05\/Villa-Higueron_terrace_2.jpg","datePublished":"2022-01-27T10:58:29+00:00","dateModified":"2024-02-01T12:23:29+00:00","breadcrumb":{"@id":"https:\/\/villas-higueron.com\/het-complex\/#breadcrumb"},"inLanguage":"pl-PL","potentialAction":[{"@type":"ReadAction","target":["https:\/\/villas-higueron.com\/het-complex\/"]}]},{"@type":"ImageObject","inLanguage":"pl-PL","@id":"https:\/\/villas-higueron.com\/het-complex\/#primaryimage","url":"https:\/\/villas-higueron.com\/wp-content\/uploads\/sites\/28\/2022\/05\/Villa-Higueron_terrace_2.jpg","contentUrl":"https:\/\/villas-higueron.com\/wp-content\/uploads\/sites\/28\/2022\/05\/Villa-Higueron_terrace_2.jpg","width":1920,"height":1080},{"@type":"BreadcrumbList","@id":"https:\/\/villas-higueron.com\/het-complex\/#breadcrumb","itemListElement":[{"@type":"ListItem","position":1,"name":"Home","item":"https:\/\/villas-higueron.com\/"},{"@type":"ListItem","position":2,"name":"Villas Higueron"}]},{"@type":"WebSite","@id":"https:\/\/villas-higueron.com\/#website","url":"https:\/\/villas-higueron.com\/","name":"Willa Higueron","description":"","potentialAction":[{"@type":"SearchAction","target":{"@type":"EntryPoint","urlTemplate":"https:\/\/villas-higueron.com\/?s={search_term_string}"},"query-input":{"@type":"PropertyValueSpecification","valueRequired":true,"valueName":"search_term_string"}}],"inLanguage":"pl-PL"}]}},"_links":{"self":[{"href":"https:\/\/villas-higueron.com\/pl\/wp-json\/wp\/v2\/pages\/95","targetHints":{"allow":["GET"]}}],"collection":[{"href":"https:\/\/villas-higueron.com\/pl\/wp-json\/wp\/v2\/pages"}],"about":[{"href":"https:\/\/villas-higueron.com\/pl\/wp-json\/wp\/v2\/types\/page"}],"author":[{"embeddable":true,"href":"https:\/\/villas-higueron.com\/pl\/wp-json\/wp\/v2\/users\/1"}],"replies":[{"embeddable":true,"href":"https:\/\/villas-higueron.com\/pl\/wp-json\/wp\/v2\/comments?post=95"}],"version-history":[{"count":57,"href":"https:\/\/villas-higueron.com\/pl\/wp-json\/wp\/v2\/pages\/95\/revisions"}],"predecessor-version":[{"id":4398,"href":"https:\/\/villas-higueron.com\/pl\/wp-json\/wp\/v2\/pages\/95\/revisions\/4398"}],"wp:featuredmedia":[{"embeddable":true,"href":"https:\/\/villas-higueron.com\/pl\/wp-json\/wp\/v2\/media\/4372"}],"wp:attachment":[{"href":"https:\/\/villas-higueron.com\/pl\/wp-json\/wp\/v2\/media?parent=95"}],"curies":[{"name":"wp","href":"https:\/\/api.w.org\/{rel}","templated":true}]}}